{"id":2179,"date":"2022-03-17T11:20:02","date_gmt":"2022-03-17T10:20:02","guid":{"rendered":"https:\/\/crofish.fortislabor.hr\/?page_id=2179"},"modified":"2022-07-21T12:48:33","modified_gmt":"2022-07-21T10:48:33","slug":"ribarnica","status":"publish","type":"page","link":"https:\/\/crofish.hr\/en\/ribarnica\/","title":{"rendered":"Fish market"},"content":{"rendered":"<div class=\"vc_row wpb_row vc_row-fluid wpb-alignwide-row\"><div class=\"wpb_column vc_column_container vc_col-sm-12\"><div class=\"vc_column-inner\"><div class=\"wpb_wrapper\"><div class=\"wpisset_es_banner6 wpisset_es_banner6-1103843572 vc_custom_1658325546257\" ><div class=\"wpisset-es-banner6\"><div class=\"wpisset-es-banner6-bg\"><div class=\"wpisset-es-banner6-imgs\"><img decoding=\"async\" alt=\"\" src=\"https:\/\/crofish.hr\/wp-content\/uploads\/2022\/07\/RIBARNICA-1-scaled.jpg\"><\/div><\/div><div class=\"wpisset-es-banner6-container\"><\/div><\/div><\/div><svg class=\"wpssiet-es-cs\"><style>.wpisset_es_banner6-1103843572 .wpisset-es-banner6-title{font-size:36px !important;}.wpisset_es_banner6-1103843572 .wpisset-es-banner6-title:before{background:rgba(255,255,255,0.5);}.wpisset_es_banner6-1103843572 .wpisset-es-banner6-title-holder:after{background:rgba(255,255,255,0.5);}.wpisset_es_banner6-1103843572 .wpisset-es-banner6-container{min-height:350px;}<\/style><\/svg><\/div><\/div><\/div><\/div><div class=\"vc_row wpb_row vc_row-fluid vc_column-gap-15\"><div class=\"wpb_column vc_column_container vc_col-sm-12 vc_col-lg-6\"><div class=\"vc_column-inner\"><div class=\"wpb_wrapper\"><div class=\"wpisset_es_header wpisset_es_header-51634803 vc_custom_1647512099088 wpisset-es-header-left\" ><div class=\"wpisset-es-header\"><h2 class=\"wpisset-es-header-title\">CROfish<\/h2><span class=\"wpisset-es-header-desc\">Newly opened fish market in Bjelovar<\/span><\/div><\/div><svg class=\"wpssiet-es-cs\"><style><\/style><\/svg>\n\t<div class=\"wpb_text_column wpb_content_element  p-has-drop-cap\" >\n\t\t<div class=\"wpb_wrapper\">\n\t\t\t<p>In order to realize our long-standing desire to open a fish market, we decided to expand our business. 17.12.2021. our first retail store started operating.<\/p>\n<p>The newly opened fish market in Bjelovar offers a wide range of products from fresh and frozen fish, fillets, crabs and shellfish every day, including premium delicacies.<\/p>\n\n\t\t<\/div>\n\t<\/div>\n<a href=\"\" class=\"wpisset-button wpisset_es_button wpisset_es_button-1802921899 vc_custom_1642593820683\" title=\"\"><span>Contatc us<\/span><\/a><svg class=\"wpssiet-es-cs\"><style><\/style><\/svg><\/div><\/div><\/div><div class=\"wpb_column vc_column_container vc_col-sm-12 vc_col-lg-6\"><div class=\"vc_column-inner\"><div class=\"wpb_wrapper\"><div class=\"vc_row wpb_row vc_inner vc_row-fluid vc_custom_1592461272863\"><div class=\"wpb_column vc_column_container vc_col-sm-6\"><div class=\"vc_column-inner\"><div class=\"wpb_wrapper\"><div class=\"wpisset_es_icons4 wpisset_es_icons4-1476297217 vc_custom_1643208957604\" ><div class=\"wpisset-es-icons4\"><div class=\"wpisset-es-icons4-item\"><div class=\"wpisset-es-icons4-item-holder\"><div class=\"wpisset-es-icons4-item-icon\"><img decoding=\"async\" alt=\"\" src=\"https:\/\/crofish.hr\/wp-content\/uploads\/2020\/06\/icons3-shell.png\"><\/div><div class=\"wpisset-es-icons4-item-content\"><h3 class=\"wpisset-es-icons4-item-title\">We know our fishermen<\/h3><\/div><\/div><\/div><\/div><\/div><svg class=\"wpssiet-es-cs\"><style><\/style><\/svg><div class=\"wpisset_es_icons4 wpisset_es_icons4-2004031953 vc_custom_1643208963243\" ><div class=\"wpisset-es-icons4\"><div class=\"wpisset-es-icons4-item\"><div class=\"wpisset-es-icons4-item-holder\"><div class=\"wpisset-es-icons4-item-icon\"><img decoding=\"async\" alt=\"\" src=\"https:\/\/crofish.hr\/wp-content\/uploads\/2020\/06\/icons3-crab.png\"><\/div><div class=\"wpisset-es-icons4-item-content\"><h3 class=\"wpisset-es-icons4-item-title\">Fresh and frozen fish<\/h3><\/div><\/div><\/div><\/div><\/div><svg class=\"wpssiet-es-cs\"><style><\/style><\/svg><\/div><\/div><\/div><div class=\"wpb_column vc_column_container vc_col-sm-6\"><div class=\"vc_column-inner\"><div class=\"wpb_wrapper\"><div class=\"wpisset_es_icons4 wpisset_es_icons4-812629442 vc_custom_1643209012968\" ><div class=\"wpisset-es-icons4\"><div class=\"wpisset-es-icons4-item\"><div class=\"wpisset-es-icons4-item-holder\"><div class=\"wpisset-es-icons4-item-icon\"><img decoding=\"async\" alt=\"\" src=\"https:\/\/crofish.hr\/wp-content\/uploads\/2020\/06\/icon3-fish.png\"><\/div><div class=\"wpisset-es-icons4-item-content\"><h3 class=\"wpisset-es-icons4-item-title\">Top fish professionals<\/h3><\/div><\/div><\/div><\/div><\/div><svg class=\"wpssiet-es-cs\"><style><\/style><\/svg><div class=\"wpisset_es_icons4 wpisset_es_icons4-1838308913 vc_custom_1643208969468\" ><div class=\"wpisset-es-icons4\"><div class=\"wpisset-es-icons4-item\"><div class=\"wpisset-es-icons4-item-holder\"><div class=\"wpisset-es-icons4-item-icon\"><img decoding=\"async\" alt=\"\" src=\"https:\/\/crofish.hr\/wp-content\/uploads\/2020\/06\/icons3-lobster.png\"><\/div><div class=\"wpisset-es-icons4-item-content\"><h3 class=\"wpisset-es-icons4-item-title\">Many years of experience<\/h3><\/div><\/div><\/div><\/div><\/div><svg class=\"wpssiet-es-cs\"><style><\/style><\/svg><\/div><\/div><\/div><\/div><\/div><\/div><\/div><\/div><div class=\"vc_row wpb_row vc_row-fluid\"><div class=\"wpb_column vc_column_container vc_col-sm-6\"><div class=\"vc_column-inner\"><div class=\"wpb_wrapper\"><h2 style=\"text-align: left;font-family:Abril Fatface;font-weight:400;font-style:normal\" class=\"vc_custom_heading\" >Fish market Bjelovar<\/h2>\n\t<div class=\"wpb_text_column wpb_content_element\" >\n\t\t<div class=\"wpb_wrapper\">\n\t\t\t<p><strong>Business hours<\/strong><br \/>\nMON 8-13h<br \/>\nTUE-THU 7-14h<br \/>\nFRI 7-15h<br \/>\nSAT 7-13h<br \/>\nSUN closed<\/p>\n<p><strong>ADDRESS<\/strong><br \/>\n\u0160etali\u0161te dr. Iv\u0161e Lebovi\u0107a 35A<\/p>\n<p><strong>CONTACT<\/strong><br \/>\n<a href=\"callto: 385 95 3147755\">+385 95 3147755<\/a><\/p>\n\n\t\t<\/div>\n\t<\/div>\n<\/div><\/div><\/div><div class=\"wpb_column vc_column_container vc_col-sm-6\"><div class=\"vc_column-inner\"><div class=\"wpb_wrapper\"><div class=\"wpb_gmaps_widget wpb_content_element\"><div class=\"wpb_wrapper\"><div class=\"wpb_map_wraper\"><iframe src=\"https:\/\/www.google.com\/maps\/embed?pb=!1m18!1m12!1m3!1d2776.462388222126!2d16.840205615777716!3d45.9020644121399!2m3!1f0!2f0!3f0!3m2!1i1024!2i768!4f13.1!3m3!1m2!1s0x47663674a9a97ce9%3A0xd3bdce5e6b4a9fe2!2zxaBldGFsacWhdGUgZHIuIEl2xaFlIExlYm92acSHYSAzNWEsIDQzMDAwLCBCamVsb3Zhcg!5e0!3m2!1sen!2shr!4v1647513059728!5m2!1sen!2shr\" width=\"600\" height=\"450\" style=\"border:0;\" allowfullscreen=\"\" loading=\"lazy\"><\/iframe><\/div><\/div><\/div><\/div><\/div><\/div><\/div><div class=\"vc_row wpb_row vc_row-fluid\"><div class=\"wpb_column vc_column_container vc_col-sm-6\"><div class=\"vc_column-inner\"><div class=\"wpb_wrapper\"><div class=\"wpisset_es_fadeimages wpisset_es_fadeimages-556644362\"><div class=\"wpisset-es-fadeimages-wrapper\"><img decoding=\"async\" alt=\"\" src=\"https:\/\/crofish.hr\/wp-content\/uploads\/2022\/07\/RIBARNICA-2-1.jpg\"><img decoding=\"async\" alt=\"\" src=\"https:\/\/crofish.hr\/wp-content\/uploads\/2022\/07\/RIBARNICA-1-2.jpg\"><\/div><\/div><\/div><\/div><\/div><div class=\"wpb_column vc_column_container vc_col-sm-6\"><div class=\"vc_column-inner\"><div class=\"wpb_wrapper\"><div class=\"wpisset_es_fadeimages wpisset_es_fadeimages-2142159262\"><div class=\"wpisset-es-fadeimages-wrapper\"><img decoding=\"async\" alt=\"\" src=\"https:\/\/crofish.hr\/wp-content\/uploads\/2022\/07\/RIBARNICA-3.jpg\"><img decoding=\"async\" alt=\"\" src=\"https:\/\/crofish.hr\/wp-content\/uploads\/2022\/03\/268179440_341977300614676_3324260430800438501_n.jpg\"><\/div><\/div><\/div><\/div><\/div><\/div>","protected":false},"excerpt":{"rendered":"CROfishNovootvorena ribarnica u Bjelovaru Kako bismo ostvarili svoju dugogodi\u0161nju \u017eelju za otvaranjem ribarnice, odlu\u010dili smo pro\u0161iriti svoje poslovanje. Tako je 17.12.2021.g. zapo\u010dela s radom na\u0161a prva maloprodaja. Novootvorena ribarnica u Bjelovaru svakodnevno nudi \u0161irok asortiman proizvoda od svje\u017ee ribe i smrznute ribe, fileta, rakova i \u0161koljaka, uklju\u010duju\u0107i i premium delikatese. Kontaktirajte nasPoznajemo na\u0161e ribareSvje\u017ea i [...]","protected":false},"author":1,"featured_media":0,"parent":0,"menu_order":0,"comment_status":"closed","ping_status":"closed","template":"","meta":{"om_disable_all_campaigns":false,"_mi_skip_tracking":false,"_monsterinsights_sitenote_active":false,"_monsterinsights_sitenote_note":"","_monsterinsights_sitenote_category":0,"footnotes":""},"class_list":["post-2179","page","type-page","status-publish","hentry","wpisset-post"],"yoast_head":"<!-- This site is optimized with the Yoast SEO plugin v21.6 - https:\/\/yoast.com\/wordpress\/plugins\/seo\/ -->\n<title>Ribarnica - Crofish<\/title>\n<meta name=\"robots\" content=\"index, follow, max-snippet:-1, max-image-preview:large, max-video-preview:-1\" \/>\n<link rel=\"canonical\" href=\"https:\/\/crofish.hr\/en\/ribarnica\/\" \/>\n<meta property=\"og:locale\" content=\"en_GB\" \/>\n<meta property=\"og:type\" content=\"article\" \/>\n<meta property=\"og:title\" content=\"Ribarnica - Crofish\" \/>\n<meta property=\"og:url\" content=\"https:\/\/crofish.hr\/en\/ribarnica\/\" \/>\n<meta property=\"og:site_name\" content=\"Crofish\" \/>\n<meta property=\"article:modified_time\" content=\"2022-07-21T10:48:33+00:00\" \/>\n<meta name=\"twitter:card\" content=\"summary_large_image\" \/>\n<meta name=\"twitter:label1\" content=\"Estimated reading time\" \/>\n\t<meta name=\"twitter:data1\" content=\"1 minute\" \/>\n<script type=\"application\/ld+json\" class=\"yoast-schema-graph\">{\"@context\":\"https:\/\/schema.org\",\"@graph\":[{\"@type\":\"WebPage\",\"@id\":\"https:\/\/crofish.hr\/ribarnica\/\",\"url\":\"https:\/\/crofish.hr\/ribarnica\/\",\"name\":\"Ribarnica - Crofish\",\"isPartOf\":{\"@id\":\"https:\/\/crofish.hr\/#website\"},\"datePublished\":\"2022-03-17T10:20:02+00:00\",\"dateModified\":\"2022-07-21T10:48:33+00:00\",\"breadcrumb\":{\"@id\":\"https:\/\/crofish.hr\/ribarnica\/#breadcrumb\"},\"inLanguage\":\"en-GB\",\"potentialAction\":[{\"@type\":\"ReadAction\",\"target\":[\"https:\/\/crofish.hr\/ribarnica\/\"]}]},{\"@type\":\"BreadcrumbList\",\"@id\":\"https:\/\/crofish.hr\/ribarnica\/#breadcrumb\",\"itemListElement\":[{\"@type\":\"ListItem\",\"position\":1,\"name\":\"Home\",\"item\":\"https:\/\/crofish.hr\/\"},{\"@type\":\"ListItem\",\"position\":2,\"name\":\"Ribarnica\"}]},{\"@type\":\"WebSite\",\"@id\":\"https:\/\/crofish.hr\/#website\",\"url\":\"https:\/\/crofish.hr\/\",\"name\":\"Crofish\",\"description\":\"Najbolja riba\",\"publisher\":{\"@id\":\"https:\/\/crofish.hr\/#organization\"},\"potentialAction\":[{\"@type\":\"SearchAction\",\"target\":{\"@type\":\"EntryPoint\",\"urlTemplate\":\"https:\/\/crofish.hr\/?s={search_term_string}\"},\"query-input\":\"required name=search_term_string\"}],\"inLanguage\":\"en-GB\"},{\"@type\":\"Organization\",\"@id\":\"https:\/\/crofish.hr\/#organization\",\"name\":\"Crofish\",\"url\":\"https:\/\/crofish.hr\/\",\"logo\":{\"@type\":\"ImageObject\",\"inLanguage\":\"en-GB\",\"@id\":\"https:\/\/crofish.hr\/#\/schema\/logo\/image\/\",\"url\":\"https:\/\/crofish.hr\/wp-content\/uploads\/2021\/11\/cropped-LOGO-png1.png\",\"contentUrl\":\"https:\/\/crofish.hr\/wp-content\/uploads\/2021\/11\/cropped-LOGO-png1.png\",\"width\":177,\"height\":47,\"caption\":\"Crofish\"},\"image\":{\"@id\":\"https:\/\/crofish.hr\/#\/schema\/logo\/image\/\"}}]}<\/script>\n<!-- \/ Yoast SEO plugin. -->","yoast_head_json":{"title":"Ribarnica - Crofish","robots":{"index":"index","follow":"follow","max-snippet":"max-snippet:-1","max-image-preview":"max-image-preview:large","max-video-preview":"max-video-preview:-1"},"canonical":"https:\/\/crofish.hr\/en\/ribarnica\/","og_locale":"en_GB","og_type":"article","og_title":"Ribarnica - Crofish","og_url":"https:\/\/crofish.hr\/en\/ribarnica\/","og_site_name":"Crofish","article_modified_time":"2022-07-21T10:48:33+00:00","twitter_card":"summary_large_image","twitter_misc":{"Estimated reading time":"1 minute"},"schema":{"@context":"https:\/\/schema.org","@graph":[{"@type":"WebPage","@id":"https:\/\/crofish.hr\/ribarnica\/","url":"https:\/\/crofish.hr\/ribarnica\/","name":"Ribarnica - Crofish","isPartOf":{"@id":"https:\/\/crofish.hr\/#website"},"datePublished":"2022-03-17T10:20:02+00:00","dateModified":"2022-07-21T10:48:33+00:00","breadcrumb":{"@id":"https:\/\/crofish.hr\/ribarnica\/#breadcrumb"},"inLanguage":"en-GB","potentialAction":[{"@type":"ReadAction","target":["https:\/\/crofish.hr\/ribarnica\/"]}]},{"@type":"BreadcrumbList","@id":"https:\/\/crofish.hr\/ribarnica\/#breadcrumb","itemListElement":[{"@type":"ListItem","position":1,"name":"Home","item":"https:\/\/crofish.hr\/"},{"@type":"ListItem","position":2,"name":"Ribarnica"}]},{"@type":"WebSite","@id":"https:\/\/crofish.hr\/#website","url":"https:\/\/crofish.hr\/","name":"Crofish","description":"Najbolja riba","publisher":{"@id":"https:\/\/crofish.hr\/#organization"},"potentialAction":[{"@type":"SearchAction","target":{"@type":"EntryPoint","urlTemplate":"https:\/\/crofish.hr\/?s={search_term_string}"},"query-input":"required name=search_term_string"}],"inLanguage":"en-GB"},{"@type":"Organization","@id":"https:\/\/crofish.hr\/#organization","name":"Crofish","url":"https:\/\/crofish.hr\/","logo":{"@type":"ImageObject","inLanguage":"en-GB","@id":"https:\/\/crofish.hr\/#\/schema\/logo\/image\/","url":"https:\/\/crofish.hr\/wp-content\/uploads\/2021\/11\/cropped-LOGO-png1.png","contentUrl":"https:\/\/crofish.hr\/wp-content\/uploads\/2021\/11\/cropped-LOGO-png1.png","width":177,"height":47,"caption":"Crofish"},"image":{"@id":"https:\/\/crofish.hr\/#\/schema\/logo\/image\/"}}]}},"_links":{"self":[{"href":"https:\/\/crofish.hr\/en\/wp-json\/wp\/v2\/pages\/2179","targetHints":{"allow":["GET"]}}],"collection":[{"href":"https:\/\/crofish.hr\/en\/wp-json\/wp\/v2\/pages"}],"about":[{"href":"https:\/\/crofish.hr\/en\/wp-json\/wp\/v2\/types\/page"}],"author":[{"embeddable":true,"href":"https:\/\/crofish.hr\/en\/wp-json\/wp\/v2\/users\/1"}],"replies":[{"embeddable":true,"href":"https:\/\/crofish.hr\/en\/wp-json\/wp\/v2\/comments?post=2179"}],"version-history":[{"count":14,"href":"https:\/\/crofish.hr\/en\/wp-json\/wp\/v2\/pages\/2179\/revisions"}],"predecessor-version":[{"id":2226,"href":"https:\/\/crofish.hr\/en\/wp-json\/wp\/v2\/pages\/2179\/revisions\/2226"}],"wp:attachment":[{"href":"https:\/\/crofish.hr\/en\/wp-json\/wp\/v2\/media?parent=2179"}],"curies":[{"name":"wp","href":"https:\/\/api.w.org\/{rel}","templated":true}]}}