{"id":2,"date":"2021-10-29T17:22:30","date_gmt":"2021-10-29T15:22:30","guid":{"rendered":"https:\/\/crofish.fortislabor.hr\/?page_id=2"},"modified":"2021-10-29T17:22:30","modified_gmt":"2021-10-29T15:22:30","slug":"primjer-stranice","status":"publish","type":"page","link":"https:\/\/crofish.hr\/en\/primjer-stranice\/","title":{"rendered":"Primjer stranice"},"content":{"rendered":"<p>Ovo je primjer stranice. Razlikuje se od blog objave jer se stalno nalazi na istom mjestu i prikazati \u0107e se u izborniku va\u0161e web-stranice (u ve\u0107ini tema). Ve\u0107ina ljudi zapo\u010dinje s &#8220;O meni&#8221; stranicom koja ih predstavlja potencijalnim posjetiteljima web stranice. Na primjer mo\u017ee sadr\u017eavati:<\/p>\n\n\n\n<blockquote class=\"wp-block-quote is-layout-flow wp-block-quote-is-layout-flow\"><p>Pozdrav! Ja sam dostavlja\u010d paket tijekom dana, nadahnuti glumac tijekom no\u0107i i ovo je moja web-stranica. \u017divim u Vara\u017edinu, imam predobrog psa koji se zove Floki i volim pi\u00f1a colada. (I da me ponekad ulovi ki\u0161a bez ki\u0161obrana.)<\/p><\/blockquote>\n\n\n\n<p>&#8230;ili ne\u0161to poput ovoga:<\/p>\n\n\n\n<blockquote class=\"wp-block-quote is-layout-flow wp-block-quote-is-layout-flow\"><p>Tvrtka XYZ Doohickey osnovana je 1971. godine i od tada pru\u017ea kvalitetne doohickejeve javnosti. Smje\u0161ten u gradu Gotham, XYZ zapo\u0161ljava vi\u0161e od 2.000 ljudi i \u010dini sve vrste fenomenalnih stvari za Gotham zajednicu.<\/p><\/blockquote>\n\n\n\n<p>Kao novi WordPress korisnik, trebali biste posjetiti <a href=\"https:\/\/crofish.hr\/wp-admin\/\">nadzornu plo\u010du<\/a> kako biste obrisali ovu stranicu i kreirali nove stranice za svoj sadr\u017eaj. U\u017eivajte!<\/p>","protected":false},"excerpt":{"rendered":"<p>Ovo je primjer stranice. Razlikuje se od blog objave jer se stalno nalazi na istom mjestu i prikazati \u0107e se u izborniku va\u0161e web-stranice (u ve\u0107ini tema). Ve\u0107ina ljudi zapo\u010dinje s &#8220;O meni&#8221; stranicom koja ih predstavlja potencijalnim posjetiteljima web stranice. Na primjer mo\u017ee sadr\u017eavati: Pozdrav! Ja sam dostavlja\u010d paket tijekom dana, nadahnuti glumac tijekom [&hellip;]<\/p>","protected":false},"author":1,"featured_media":0,"parent":0,"menu_order":0,"comment_status":"closed","ping_status":"open","template":"","meta":{"om_disable_all_campaigns":false,"_mi_skip_tracking":false,"_monsterinsights_sitenote_active":false,"_monsterinsights_sitenote_note":"","_monsterinsights_sitenote_category":0,"footnotes":""},"class_list":["post-2","page","type-page","status-publish","hentry","wpisset-post"],"yoast_head":"<!-- This site is optimized with the Yoast SEO plugin v21.6 - https:\/\/yoast.com\/wordpress\/plugins\/seo\/ -->\n<title>Primjer stranice - Crofish<\/title>\n<meta name=\"robots\" content=\"index, follow, max-snippet:-1, max-image-preview:large, max-video-preview:-1\" \/>\n<link rel=\"canonical\" href=\"https:\/\/crofish.hr\/en\/primjer-stranice\/\" \/>\n<meta property=\"og:locale\" content=\"en_GB\" \/>\n<meta property=\"og:type\" content=\"article\" \/>\n<meta property=\"og:title\" content=\"Primjer stranice - Crofish\" \/>\n<meta property=\"og:description\" content=\"Ovo je primjer stranice. Razlikuje se od blog objave jer se stalno nalazi na istom mjestu i prikazati \u0107e se u izborniku va\u0161e web-stranice (u ve\u0107ini tema). Ve\u0107ina ljudi zapo\u010dinje s &#8220;O meni&#8221; stranicom koja ih predstavlja potencijalnim posjetiteljima web stranice. Na primjer mo\u017ee sadr\u017eavati: Pozdrav! Ja sam dostavlja\u010d paket tijekom dana, nadahnuti glumac tijekom [&hellip;]\" \/>\n<meta property=\"og:url\" content=\"https:\/\/crofish.hr\/en\/primjer-stranice\/\" \/>\n<meta property=\"og:site_name\" content=\"Crofish\" \/>\n<meta name=\"twitter:card\" content=\"summary_large_image\" \/>\n<meta name=\"twitter:label1\" content=\"Estimated reading time\" \/>\n\t<meta name=\"twitter:data1\" content=\"1 minute\" \/>\n<script type=\"application\/ld+json\" class=\"yoast-schema-graph\">{\"@context\":\"https:\/\/schema.org\",\"@graph\":[{\"@type\":\"WebPage\",\"@id\":\"https:\/\/crofish.hr\/primjer-stranice\/\",\"url\":\"https:\/\/crofish.hr\/primjer-stranice\/\",\"name\":\"Primjer stranice - Crofish\",\"isPartOf\":{\"@id\":\"https:\/\/crofish.hr\/#website\"},\"datePublished\":\"2021-10-29T15:22:30+00:00\",\"dateModified\":\"2021-10-29T15:22:30+00:00\",\"breadcrumb\":{\"@id\":\"https:\/\/crofish.hr\/primjer-stranice\/#breadcrumb\"},\"inLanguage\":\"en-GB\",\"potentialAction\":[{\"@type\":\"ReadAction\",\"target\":[\"https:\/\/crofish.hr\/primjer-stranice\/\"]}]},{\"@type\":\"BreadcrumbList\",\"@id\":\"https:\/\/crofish.hr\/primjer-stranice\/#breadcrumb\",\"itemListElement\":[{\"@type\":\"ListItem\",\"position\":1,\"name\":\"Home\",\"item\":\"https:\/\/crofish.hr\/\"},{\"@type\":\"ListItem\",\"position\":2,\"name\":\"Primjer stranice\"}]},{\"@type\":\"WebSite\",\"@id\":\"https:\/\/crofish.hr\/#website\",\"url\":\"https:\/\/crofish.hr\/\",\"name\":\"Crofish\",\"description\":\"Najbolja riba\",\"publisher\":{\"@id\":\"https:\/\/crofish.hr\/#organization\"},\"potentialAction\":[{\"@type\":\"SearchAction\",\"target\":{\"@type\":\"EntryPoint\",\"urlTemplate\":\"https:\/\/crofish.hr\/?s={search_term_string}\"},\"query-input\":\"required name=search_term_string\"}],\"inLanguage\":\"en-GB\"},{\"@type\":\"Organization\",\"@id\":\"https:\/\/crofish.hr\/#organization\",\"name\":\"Crofish\",\"url\":\"https:\/\/crofish.hr\/\",\"logo\":{\"@type\":\"ImageObject\",\"inLanguage\":\"en-GB\",\"@id\":\"https:\/\/crofish.hr\/#\/schema\/logo\/image\/\",\"url\":\"https:\/\/crofish.hr\/wp-content\/uploads\/2021\/11\/cropped-LOGO-png1.png\",\"contentUrl\":\"https:\/\/crofish.hr\/wp-content\/uploads\/2021\/11\/cropped-LOGO-png1.png\",\"width\":177,\"height\":47,\"caption\":\"Crofish\"},\"image\":{\"@id\":\"https:\/\/crofish.hr\/#\/schema\/logo\/image\/\"}}]}<\/script>\n<!-- \/ Yoast SEO plugin. -->","yoast_head_json":{"title":"Primjer stranice - Crofish","robots":{"index":"index","follow":"follow","max-snippet":"max-snippet:-1","max-image-preview":"max-image-preview:large","max-video-preview":"max-video-preview:-1"},"canonical":"https:\/\/crofish.hr\/en\/primjer-stranice\/","og_locale":"en_GB","og_type":"article","og_title":"Primjer stranice - Crofish","og_description":"Ovo je primjer stranice. Razlikuje se od blog objave jer se stalno nalazi na istom mjestu i prikazati \u0107e se u izborniku va\u0161e web-stranice (u ve\u0107ini tema). Ve\u0107ina ljudi zapo\u010dinje s &#8220;O meni&#8221; stranicom koja ih predstavlja potencijalnim posjetiteljima web stranice. Na primjer mo\u017ee sadr\u017eavati: Pozdrav! Ja sam dostavlja\u010d paket tijekom dana, nadahnuti glumac tijekom [&hellip;]","og_url":"https:\/\/crofish.hr\/en\/primjer-stranice\/","og_site_name":"Crofish","twitter_card":"summary_large_image","twitter_misc":{"Estimated reading time":"1 minute"},"schema":{"@context":"https:\/\/schema.org","@graph":[{"@type":"WebPage","@id":"https:\/\/crofish.hr\/primjer-stranice\/","url":"https:\/\/crofish.hr\/primjer-stranice\/","name":"Primjer stranice - Crofish","isPartOf":{"@id":"https:\/\/crofish.hr\/#website"},"datePublished":"2021-10-29T15:22:30+00:00","dateModified":"2021-10-29T15:22:30+00:00","breadcrumb":{"@id":"https:\/\/crofish.hr\/primjer-stranice\/#breadcrumb"},"inLanguage":"en-GB","potentialAction":[{"@type":"ReadAction","target":["https:\/\/crofish.hr\/primjer-stranice\/"]}]},{"@type":"BreadcrumbList","@id":"https:\/\/crofish.hr\/primjer-stranice\/#breadcrumb","itemListElement":[{"@type":"ListItem","position":1,"name":"Home","item":"https:\/\/crofish.hr\/"},{"@type":"ListItem","position":2,"name":"Primjer stranice"}]},{"@type":"WebSite","@id":"https:\/\/crofish.hr\/#website","url":"https:\/\/crofish.hr\/","name":"Crofish","description":"Najbolja riba","publisher":{"@id":"https:\/\/crofish.hr\/#organization"},"potentialAction":[{"@type":"SearchAction","target":{"@type":"EntryPoint","urlTemplate":"https:\/\/crofish.hr\/?s={search_term_string}"},"query-input":"required name=search_term_string"}],"inLanguage":"en-GB"},{"@type":"Organization","@id":"https:\/\/crofish.hr\/#organization","name":"Crofish","url":"https:\/\/crofish.hr\/","logo":{"@type":"ImageObject","inLanguage":"en-GB","@id":"https:\/\/crofish.hr\/#\/schema\/logo\/image\/","url":"https:\/\/crofish.hr\/wp-content\/uploads\/2021\/11\/cropped-LOGO-png1.png","contentUrl":"https:\/\/crofish.hr\/wp-content\/uploads\/2021\/11\/cropped-LOGO-png1.png","width":177,"height":47,"caption":"Crofish"},"image":{"@id":"https:\/\/crofish.hr\/#\/schema\/logo\/image\/"}}]}},"_links":{"self":[{"href":"https:\/\/crofish.hr\/en\/wp-json\/wp\/v2\/pages\/2","targetHints":{"allow":["GET"]}}],"collection":[{"href":"https:\/\/crofish.hr\/en\/wp-json\/wp\/v2\/pages"}],"about":[{"href":"https:\/\/crofish.hr\/en\/wp-json\/wp\/v2\/types\/page"}],"author":[{"embeddable":true,"href":"https:\/\/crofish.hr\/en\/wp-json\/wp\/v2\/users\/1"}],"replies":[{"embeddable":true,"href":"https:\/\/crofish.hr\/en\/wp-json\/wp\/v2\/comments?post=2"}],"version-history":[{"count":0,"href":"https:\/\/crofish.hr\/en\/wp-json\/wp\/v2\/pages\/2\/revisions"}],"wp:attachment":[{"href":"https:\/\/crofish.hr\/en\/wp-json\/wp\/v2\/media?parent=2"}],"curies":[{"name":"wp","href":"https:\/\/api.w.org\/{rel}","templated":true}]}}