{"id":19,"date":"2020-06-11T04:50:09","date_gmt":"2020-06-11T04:50:09","guid":{"rendered":"http:\/\/meabhy-1006:8888\/?page_id=19"},"modified":"2025-03-10T12:37:12","modified_gmt":"2025-03-10T11:37:12","slug":"contact","status":"publish","type":"page","link":"https:\/\/crofish.hr\/en\/contact\/","title":{"rendered":"Contact"},"content":{"rendered":"<div data-vc-full-width=\"true\" data-vc-full-width-init=\"false\" class=\"vc_row wpb_row vc_row-fluid wpb_row_background-center-center vc_custom_1635941501024 vc_row-has-fill\"><div class=\"wpb_column vc_column_container vc_col-sm-12 vc_col-lg-5\"><div class=\"vc_column-inner\"><div class=\"wpb_wrapper\"><div class=\"vc_row wpb_row vc_inner vc_row-fluid vc_custom_1586495920141 vc_row-has-fill\"><div class=\"wpb_column vc_column_container vc_col-sm-12\"><div class=\"vc_column-inner vc_custom_1585559500053\"><div class=\"wpb_wrapper\"><div class=\"wpisset_es_header wpisset_es_header-491637162 vc_custom_1658325722888 wpisset-es-header-left\" ><div class=\"wpisset-es-header\"><h1 class=\"wpisset-es-header-title\">Contatc us<\/h1><span class=\"wpisset-es-header-desc\">We will respond as soon as possible<\/span><\/div><\/div><svg class=\"wpssiet-es-cs\"><style>.wpisset_es_header-491637162 .wpisset-es-header-desc{color:#335080;}.wpisset_es_header-491637162 .wpisset-es-header-title{font-size:30px !important;}<\/style><\/svg>\n\t<div class=\"wpb_text_column wpb_content_element\" >\n\t\t<div class=\"wpb_wrapper\">\n\t\t\t<p>We are at your disposal for all your inquiries. Feel free to contact us with confidence.<\/p>\n<p><i>Yours CROfish<\/i><\/p>\n\n\t\t<\/div>\n\t<\/div>\n<\/div><\/div><\/div><\/div><\/div><\/div><\/div><div class=\"wpb_column vc_column_container vc_col-sm-12 vc_col-lg-7\"><div class=\"vc_column-inner\"><div class=\"wpb_wrapper\"><\/div><\/div><\/div><\/div><div class=\"vc_row-full-width vc_clearfix\"><\/div><div class=\"vc_row wpb_row vc_row-fluid vc_custom_1592475267287 vc_row-has-fill\"><div class=\"wpb_column vc_column_container vc_col-sm-12\"><div class=\"vc_column-inner\"><div class=\"wpb_wrapper\"><div class=\"vc_row wpb_row vc_inner vc_row-fluid vc_column-gap-15\"><div class=\"wpb_column vc_column_container vc_col-sm-4\"><div class=\"vc_column-inner\"><div class=\"wpb_wrapper\"><div class=\"wpisset_es_icons4 wpisset_es_icons4-1681746543\" ><div class=\"wpisset-es-icons4\"><div class=\"wpisset-es-icons4-item\"><div class=\"wpisset-es-icons4-item-holder\"><div class=\"wpisset-es-icons4-item-icon\"><img decoding=\"async\" alt=\"\" src=\"https:\/\/crofish.hr\/wp-content\/uploads\/2021\/11\/avion.png\"><\/div><div class=\"wpisset-es-icons4-item-content\"><h3 class=\"wpisset-es-icons4-item-title\">Contact us:<\/h3><\/div><\/div><\/div><\/div><\/div><svg class=\"wpssiet-es-cs\"><style>.wpisset_es_icons4-1681746543 .wpisset-es-icons4-item-content &gt; .wpisset-es-icons4-item-title{font-size:28px;}.wpisset_es_icons4-1681746543 .wpisset-es-icons4-item-icon{max-width:150px;}<\/style><\/svg>\n\t<div class=\"wpb_text_column wpb_content_element\" >\n\t\t<div class=\"wpb_wrapper\">\n\t\t\t<p style=\"text-align: center;\"><a href=\"mailto:info@crofish.hr\">info@crofish.hr<\/a><\/p>\n\n\t\t<\/div>\n\t<\/div>\n<\/div><\/div><\/div><div class=\"wpb_column vc_column_container vc_col-sm-4\"><div class=\"vc_column-inner\"><div class=\"wpb_wrapper\"><div class=\"wpisset_es_icons4 wpisset_es_icons4-1385041863\" ><div class=\"wpisset-es-icons4\"><div class=\"wpisset-es-icons4-item\"><div class=\"wpisset-es-icons4-item-holder\"><div class=\"wpisset-es-icons4-item-icon\"><img decoding=\"async\" alt=\"\" src=\"https:\/\/crofish.hr\/wp-content\/uploads\/2021\/11\/telephon.png\"><\/div><div class=\"wpisset-es-icons4-item-content\"><h3 class=\"wpisset-es-icons4-item-title\">Buisness hours:<\/h3><\/div><\/div><\/div><\/div><\/div><svg class=\"wpssiet-es-cs\"><style>.wpisset_es_icons4-1385041863 .wpisset-es-icons4-item-content &gt; .wpisset-es-icons4-item-title{font-size:28px;}.wpisset_es_icons4-1385041863 .wpisset-es-icons4-item-icon{max-width:150px;}<\/style><\/svg>\n\t<div class=\"wpb_text_column wpb_content_element\" >\n\t\t<div class=\"wpb_wrapper\">\n\t\t\t<p style=\"text-align: center;\">Monday - Friday 8:00 - 15:00<\/p>\n<p style=\"text-align: center;\">\u00a0Sat and Sun: CLOSED<\/p>\n\n\t\t<\/div>\n\t<\/div>\n<\/div><\/div><\/div><div class=\"wpb_column vc_column_container vc_col-sm-4\"><div class=\"vc_column-inner\"><div class=\"wpb_wrapper\"><div class=\"wpisset_es_icons4 wpisset_es_icons4-1055206614\" ><div class=\"wpisset-es-icons4\"><div class=\"wpisset-es-icons4-item\"><div class=\"wpisset-es-icons4-item-holder\"><div class=\"wpisset-es-icons4-item-icon\"><img decoding=\"async\" alt=\"\" src=\"https:\/\/crofish.hr\/wp-content\/uploads\/2021\/11\/kuca.png\"><\/div><div class=\"wpisset-es-icons4-item-content\"><h3 class=\"wpisset-es-icons4-item-title\">Visit us:<\/h3><\/div><\/div><\/div><\/div><\/div><svg class=\"wpssiet-es-cs\"><style>.wpisset_es_icons4-1055206614 .wpisset-es-icons4-item-content &gt; .wpisset-es-icons4-item-title{font-size:28px;}.wpisset_es_icons4-1055206614 .wpisset-es-icons4-item-icon{max-width:150px;}<\/style><\/svg>\n\t<div class=\"wpb_text_column wpb_content_element\" >\n\t\t<div class=\"wpb_wrapper\">\n\t\t\t<p style=\"text-align: center;\">Ivana Generali\u0107a, Koprivnica (sjedi\u0161te)<br \/>\n\u0160etali\u0161te dr. Iv\u0161e Lebovi\u0107a 35A, Bjelovar<br \/>\nSamoborska cesta 134A, Zagreb<\/p>\n\n\t\t<\/div>\n\t<\/div>\n<\/div><\/div><\/div><\/div><div class=\"vc_separator wpb_content_element vc_separator_align_center vc_sep_width_100 vc_sep_pos_align_center vc_separator_no_text vc_sep_color_grey\" ><span class=\"vc_sep_holder vc_sep_holder_l\"><span  class=\"vc_sep_line\"><\/span><\/span><span class=\"vc_sep_holder vc_sep_holder_r\"><span  class=\"vc_sep_line\"><\/span><\/span>\n<\/div><\/div><\/div><\/div><\/div><div data-vc-full-width=\"true\" data-vc-full-width-init=\"false\" class=\"vc_row wpb_row vc_row-fluid vc_custom_1592830750579\"><div class=\"wpisset-wpb-column-grunge-border wpb_column vc_column_container vc_col-sm-12 vc_col-has-fill\"><div class=\"vc_column-inner vc_custom_1592830743983\"><div class=\"wpb_wrapper\"><div class=\"wpisset_es_header wpisset_es_header-1722463917 vc_custom_1635941914186 wpisset-es-header-center\" ><div class=\"wpisset-es-header\"><h2 class=\"wpisset-es-header-title\">Contact form<\/h2><span class=\"wpisset-es-header-desc\">Ask what interests you<\/span><\/div><\/div><svg class=\"wpssiet-es-cs\"><style>.wpisset_es_header-1722463917 .wpisset-es-header-desc{color:#335080;}.wpisset_es_header-1722463917 .wpisset-es-header:before{background:rgba(0,0,0,0.1);}.wpisset_es_header-1722463917 .wpisset-es-header:after{background:rgba(0,0,0,0.1);}.wpisset_es_header-1722463917 .wpisset-es-header-title:before{background:rgba(0,0,0,0.1);}<\/style><\/svg><div class=\"vc_row wpb_row vc_inner vc_row-fluid\"><div class=\"wpb_column vc_column_container vc_col-sm-1\"><div class=\"vc_column-inner\"><div class=\"wpb_wrapper\"><\/div><\/div><\/div><div class=\"wpb_column vc_column_container vc_col-sm-10\"><div class=\"vc_column-inner\"><div class=\"wpb_wrapper\">\n<div class=\"wpcf7 no-js\" id=\"wpcf7-f459-o1\" lang=\"en-US\" dir=\"ltr\">\n<div class=\"screen-reader-response\"><p role=\"status\" aria-live=\"polite\" aria-atomic=\"true\"><\/p> <ul><\/ul><\/div>\n<form action=\"\/en\/wp-json\/wp\/v2\/pages\/19#wpcf7-f459-o1\" method=\"post\" class=\"wpcf7-form init\" aria-label=\"Contact form\" novalidate=\"novalidate\" data-status=\"init\" data-trp-original-action=\"\/en\/wp-json\/wp\/v2\/pages\/19#wpcf7-f459-o1\">\n<div style=\"display: none;\">\n<input type=\"hidden\" name=\"_wpcf7\" value=\"459\" \/>\n<input type=\"hidden\" name=\"_wpcf7_version\" value=\"5.7.6\" \/>\n<input type=\"hidden\" name=\"_wpcf7_locale\" value=\"en_US\" \/>\n<input type=\"hidden\" name=\"_wpcf7_unit_tag\" value=\"wpcf7-f459-o1\" \/>\n<input type=\"hidden\" name=\"_wpcf7_container_post\" value=\"0\" \/>\n<input type=\"hidden\" name=\"_wpcf7_posted_data_hash\" value=\"\" \/>\n<\/div>\n<div class=\"wpisset-row\">\n\t<div class=\"wpisset-col-md-6 wpisset-col-xs-12\">\n\t\t<p><label> Your name (required)<br \/>\n<span class=\"wpcf7-form-control-wrap\" data-name=\"your-name\"><input size=\"40\" class=\"wpcf7-form-control wpcf7-text wpcf7-validates-as-required\" aria-required=\"true\" aria-invalid=\"false\" value=\"\" type=\"text\" name=\"your-name\" \/><\/span> <\/label>\n\t\t<\/p>\n\t<\/div>\n\t<div class=\"wpisset-col-md-6 wpisset-col-xs-12\">\n\t\t<p><label> Your e-mail (required)<br \/>\n<span class=\"wpcf7-form-control-wrap\" data-name=\"your-email\"><input size=\"40\" class=\"wpcf7-form-control wpcf7-text wpcf7-email wpcf7-validates-as-required wpcf7-validates-as-email\" aria-required=\"true\" aria-invalid=\"false\" value=\"\" type=\"email\" name=\"your-email\" \/><\/span> <\/label>\n\t\t<\/p>\n\t<\/div>\n\t<div class=\"wpisset-col-xs-12\">\n\t\t<p><label> Subject<br \/>\n<span class=\"wpcf7-form-control-wrap\" data-name=\"your-subject\"><input size=\"40\" class=\"wpcf7-form-control wpcf7-text\" aria-invalid=\"false\" value=\"\" type=\"text\" name=\"your-subject\" \/><\/span> <\/label>\n\t\t<\/p>\n\t\t<p><label> Your message<br \/>\n<span class=\"wpcf7-form-control-wrap\" data-name=\"your-message\"><textarea cols=\"40\" rows=\"10\" class=\"wpcf7-form-control wpcf7-textarea\" aria-invalid=\"false\" name=\"your-message\"><\/textarea><\/span> <\/label>\n\t\t<\/p>\n\t\t<p class=\"wpcf7-wpisset-flex-p\"><br \/>\n<input class=\"wpcf7-form-control has-spinner wpcf7-submit\" type=\"submit\" value=\"SEND\" \/>\n\t\t<\/p>\n\t<\/div>\n<\/div><p style=\"display: none !important;\"><label>&#916;<textarea name=\"_wpcf7_ak_hp_textarea\" cols=\"45\" rows=\"8\" maxlength=\"100\"><\/textarea><\/label><input type=\"hidden\" id=\"ak_js_1\" name=\"_wpcf7_ak_js\" value=\"107\"\/><script>document.getElementById( \"ak_js_1\" ).setAttribute( \"value\", ( new Date() ).getTime() );<\/script><\/p><div class=\"wpcf7-response-output\" aria-hidden=\"true\"><\/div>\n<input type=\"hidden\" name=\"trp-form-language\" value=\"en\"\/><\/form>\n<\/div>\n<\/div><\/div><\/div><div class=\"wpb_column vc_column_container vc_col-sm-1\"><div class=\"vc_column-inner\"><div class=\"wpb_wrapper\"><\/div><\/div><\/div><\/div><\/div><\/div><\/div><\/div><div class=\"vc_row-full-width vc_clearfix\"><\/div><div class=\"vc_row wpb_row vc_row-fluid vc_custom_1592827756430 vc_column-gap-15\"><div class=\"wpb_column vc_column_container vc_col-sm-12 vc_col-lg-4\"><div class=\"vc_column-inner\"><div class=\"wpb_wrapper\"><h4 style=\"text-align: left\" class=\"vc_custom_heading vc_custom_1635942103328\" >Office Zagreb<\/h4>\n\t<div class=\"wpb_text_column wpb_content_element\" >\n\t\t<div class=\"wpb_wrapper\">\n\t\t\t<p>Samoborska cesta 134A<\/p>\n<p>10 000 Zagreb<\/p>\n\n\t\t<\/div>\n\t<\/div>\n<\/div><\/div><\/div><div class=\"wpb_column vc_column_container vc_col-sm-12 vc_col-lg-4 vc_col-md-6\"><div class=\"vc_column-inner\"><div class=\"wpb_wrapper\"><div class=\"wpb_gmaps_widget wpb_content_element vc_custom_1642600148003\"><div class=\"wpb_wrapper\"><div class=\"wpb_map_wraper\"><iframe src=\"https:\/\/www.google.com\/maps\/embed?pb=!1m18!1m12!1m3!1d2780.977524217183!2d15.873846115775478!3d45.81170851820862!2m3!1f0!2f0!3f0!3m2!1i1024!2i768!4f13.1!3m3!1m2!1s0x4765d1a063cc1ea7%3A0xdb5734bc38e1bc8c!2sSamoborska%20cesta%20134A%2C%2010000%2C%20Zagreb!5e0!3m2!1sen!2shr!4v1642600140044!5m2!1sen!2shr\" width=\"600\" height=\"348\" style=\"border:0;\" allowfullscreen=\"\" loading=\"lazy\"><\/iframe><\/div><\/div><\/div><\/div><\/div><\/div><div class=\"wpb_column vc_column_container vc_col-sm-12 vc_col-lg-4 vc_col-md-6\"><div class=\"vc_column-inner\"><div class=\"wpb_wrapper\"><div class=\"wpisset-es-banner7 wpisset-es-banner7-1387682343 vc_custom_1658234172157\"><div class=\"wpisset-es-banner7-wrapper wpisset-cursor-anim-element wpisset-cursor-center-center\" data-cursor-text=\"Zagreb\" data-cursor-color=\"#f61010\"  data-cursor-size=\"80\" data-cursor-text-color=\"#ffffff\"><img decoding=\"async\" alt=\"Zagreb\" src=\"https:\/\/crofish.hr\/wp-content\/uploads\/2022\/07\/ZAGREB-KONTAKTI.jpg\"><div class=\"wpisset-es-banner7-content\"><h3 class=\"wpisset-es-banner7-content-text-1\">Zagreb<\/h3><span class=\"wpisset-es-banner7-content-text-2\">Zagreb 10 000<\/span><\/div><\/div><\/div><svg class=\"wpssiet-es-cs\"><style><\/style><\/svg><\/div><\/div><\/div><\/div>","protected":false},"excerpt":{"rendered":"Kontaktirajte nasOdgovorit \u0107emo u najkra\u0107em mogu\u0107em roku Za sve Va\u0161e upite stojimo vam na raspolaganju. Slobodno nam se obratite s povjerenjem. Va\u0161 CROfish Javite nam se: info@crofish.hr Radno vrijeme: Ponedjeljak \u2013 Petak 8:00 \u2013 15:00 \u00a0Sub i ned: ZATVORENO Posjetite nas: Ivana Generali\u0107a, Koprivnica (sjedi\u0161te) \u0160etali\u0161te dr. Iv\u0161e Lebovi\u0107a 35A, Bjelovar Samoborska cesta 134A, Zagreb [...]","protected":false},"author":1,"featured_media":0,"parent":0,"menu_order":0,"comment_status":"closed","ping_status":"closed","template":"","meta":{"om_disable_all_campaigns":false,"_mi_skip_tracking":false,"_monsterinsights_sitenote_active":false,"_monsterinsights_sitenote_note":"","_monsterinsights_sitenote_category":0,"footnotes":""},"class_list":["post-19","page","type-page","status-publish","hentry","wpisset-post"],"yoast_head":"<!-- This site is optimized with the Yoast SEO plugin v21.6 - https:\/\/yoast.com\/wordpress\/plugins\/seo\/ -->\n<title>Contact - Crofish<\/title>\n<meta name=\"robots\" content=\"index, follow, max-snippet:-1, max-image-preview:large, max-video-preview:-1\" \/>\n<link rel=\"canonical\" href=\"https:\/\/crofish.hr\/en\/contact\/\" \/>\n<meta property=\"og:locale\" content=\"en_GB\" \/>\n<meta property=\"og:type\" content=\"article\" \/>\n<meta property=\"og:title\" content=\"Contact - Crofish\" \/>\n<meta property=\"og:url\" content=\"https:\/\/crofish.hr\/en\/contact\/\" \/>\n<meta property=\"og:site_name\" content=\"Crofish\" \/>\n<meta property=\"article:modified_time\" content=\"2025-03-10T11:37:12+00:00\" \/>\n<meta name=\"twitter:card\" content=\"summary_large_image\" \/>\n<meta name=\"twitter:label1\" content=\"Estimated reading time\" \/>\n\t<meta name=\"twitter:data1\" content=\"2 minutes\" \/>\n<script type=\"application\/ld+json\" class=\"yoast-schema-graph\">{\"@context\":\"https:\/\/schema.org\",\"@graph\":[{\"@type\":\"WebPage\",\"@id\":\"https:\/\/crofish.hr\/contact\/\",\"url\":\"https:\/\/crofish.hr\/contact\/\",\"name\":\"Contact - Crofish\",\"isPartOf\":{\"@id\":\"https:\/\/crofish.hr\/#website\"},\"datePublished\":\"2020-06-11T04:50:09+00:00\",\"dateModified\":\"2025-03-10T11:37:12+00:00\",\"breadcrumb\":{\"@id\":\"https:\/\/crofish.hr\/contact\/#breadcrumb\"},\"inLanguage\":\"en-GB\",\"potentialAction\":[{\"@type\":\"ReadAction\",\"target\":[\"https:\/\/crofish.hr\/contact\/\"]}]},{\"@type\":\"BreadcrumbList\",\"@id\":\"https:\/\/crofish.hr\/contact\/#breadcrumb\",\"itemListElement\":[{\"@type\":\"ListItem\",\"position\":1,\"name\":\"Home\",\"item\":\"https:\/\/crofish.hr\/\"},{\"@type\":\"ListItem\",\"position\":2,\"name\":\"Contact\"}]},{\"@type\":\"WebSite\",\"@id\":\"https:\/\/crofish.hr\/#website\",\"url\":\"https:\/\/crofish.hr\/\",\"name\":\"Crofish\",\"description\":\"Najbolja riba\",\"publisher\":{\"@id\":\"https:\/\/crofish.hr\/#organization\"},\"potentialAction\":[{\"@type\":\"SearchAction\",\"target\":{\"@type\":\"EntryPoint\",\"urlTemplate\":\"https:\/\/crofish.hr\/?s={search_term_string}\"},\"query-input\":\"required name=search_term_string\"}],\"inLanguage\":\"en-GB\"},{\"@type\":\"Organization\",\"@id\":\"https:\/\/crofish.hr\/#organization\",\"name\":\"Crofish\",\"url\":\"https:\/\/crofish.hr\/\",\"logo\":{\"@type\":\"ImageObject\",\"inLanguage\":\"en-GB\",\"@id\":\"https:\/\/crofish.hr\/#\/schema\/logo\/image\/\",\"url\":\"https:\/\/crofish.hr\/wp-content\/uploads\/2021\/11\/cropped-LOGO-png1.png\",\"contentUrl\":\"https:\/\/crofish.hr\/wp-content\/uploads\/2021\/11\/cropped-LOGO-png1.png\",\"width\":177,\"height\":47,\"caption\":\"Crofish\"},\"image\":{\"@id\":\"https:\/\/crofish.hr\/#\/schema\/logo\/image\/\"}}]}<\/script>\n<!-- \/ Yoast SEO plugin. -->","yoast_head_json":{"title":"Contact - Crofish","robots":{"index":"index","follow":"follow","max-snippet":"max-snippet:-1","max-image-preview":"max-image-preview:large","max-video-preview":"max-video-preview:-1"},"canonical":"https:\/\/crofish.hr\/en\/contact\/","og_locale":"en_GB","og_type":"article","og_title":"Contact - Crofish","og_url":"https:\/\/crofish.hr\/en\/contact\/","og_site_name":"Crofish","article_modified_time":"2025-03-10T11:37:12+00:00","twitter_card":"summary_large_image","twitter_misc":{"Estimated reading time":"2 minutes"},"schema":{"@context":"https:\/\/schema.org","@graph":[{"@type":"WebPage","@id":"https:\/\/crofish.hr\/contact\/","url":"https:\/\/crofish.hr\/contact\/","name":"Contact - Crofish","isPartOf":{"@id":"https:\/\/crofish.hr\/#website"},"datePublished":"2020-06-11T04:50:09+00:00","dateModified":"2025-03-10T11:37:12+00:00","breadcrumb":{"@id":"https:\/\/crofish.hr\/contact\/#breadcrumb"},"inLanguage":"en-GB","potentialAction":[{"@type":"ReadAction","target":["https:\/\/crofish.hr\/contact\/"]}]},{"@type":"BreadcrumbList","@id":"https:\/\/crofish.hr\/contact\/#breadcrumb","itemListElement":[{"@type":"ListItem","position":1,"name":"Home","item":"https:\/\/crofish.hr\/"},{"@type":"ListItem","position":2,"name":"Contact"}]},{"@type":"WebSite","@id":"https:\/\/crofish.hr\/#website","url":"https:\/\/crofish.hr\/","name":"Crofish","description":"Najbolja riba","publisher":{"@id":"https:\/\/crofish.hr\/#organization"},"potentialAction":[{"@type":"SearchAction","target":{"@type":"EntryPoint","urlTemplate":"https:\/\/crofish.hr\/?s={search_term_string}"},"query-input":"required name=search_term_string"}],"inLanguage":"en-GB"},{"@type":"Organization","@id":"https:\/\/crofish.hr\/#organization","name":"Crofish","url":"https:\/\/crofish.hr\/","logo":{"@type":"ImageObject","inLanguage":"en-GB","@id":"https:\/\/crofish.hr\/#\/schema\/logo\/image\/","url":"https:\/\/crofish.hr\/wp-content\/uploads\/2021\/11\/cropped-LOGO-png1.png","contentUrl":"https:\/\/crofish.hr\/wp-content\/uploads\/2021\/11\/cropped-LOGO-png1.png","width":177,"height":47,"caption":"Crofish"},"image":{"@id":"https:\/\/crofish.hr\/#\/schema\/logo\/image\/"}}]}},"_links":{"self":[{"href":"https:\/\/crofish.hr\/en\/wp-json\/wp\/v2\/pages\/19","targetHints":{"allow":["GET"]}}],"collection":[{"href":"https:\/\/crofish.hr\/en\/wp-json\/wp\/v2\/pages"}],"about":[{"href":"https:\/\/crofish.hr\/en\/wp-json\/wp\/v2\/types\/page"}],"author":[{"embeddable":true,"href":"https:\/\/crofish.hr\/en\/wp-json\/wp\/v2\/users\/1"}],"replies":[{"embeddable":true,"href":"https:\/\/crofish.hr\/en\/wp-json\/wp\/v2\/comments?post=19"}],"version-history":[{"count":13,"href":"https:\/\/crofish.hr\/en\/wp-json\/wp\/v2\/pages\/19\/revisions"}],"predecessor-version":[{"id":2319,"href":"https:\/\/crofish.hr\/en\/wp-json\/wp\/v2\/pages\/19\/revisions\/2319"}],"wp:attachment":[{"href":"https:\/\/crofish.hr\/en\/wp-json\/wp\/v2\/media?parent=19"}],"curies":[{"name":"wp","href":"https:\/\/api.w.org\/{rel}","templated":true}]}}