{"id":15,"date":"2020-06-11T04:49:18","date_gmt":"2020-06-11T04:49:18","guid":{"rendered":"http:\/\/meabhy-1006:8888\/?page_id=15"},"modified":"2022-07-21T13:06:20","modified_gmt":"2022-07-21T11:06:20","slug":"ponuda","status":"publish","type":"page","link":"https:\/\/crofish.hr\/en\/ponuda\/","title":{"rendered":"Offer"},"content":{"rendered":"<div class=\"vc_row wpb_row vc_row-fluid wpb-alignwide-row\"><div class=\"wpb_column vc_column_container vc_col-sm-12\"><div class=\"vc_column-inner\"><div class=\"wpb_wrapper\"><div class=\"wpisset_es_banner6 wpisset_es_banner6-153278697 vc_custom_1658325413522\" ><div class=\"wpisset-es-banner6\"><div class=\"wpisset-es-banner6-bg\"><div class=\"wpisset-es-banner6-imgs\"><img decoding=\"async\" alt=\"\" src=\"https:\/\/crofish.hr\/wp-content\/uploads\/2022\/02\/Crofish_slider-2-1.png\"><\/div><\/div><div class=\"wpisset-es-banner6-container\"><\/div><\/div><\/div><svg class=\"wpssiet-es-cs\"><style>.wpisset_es_banner6-153278697 .wpisset-es-banner6-title{font-size:36px !important;}.wpisset_es_banner6-153278697 .wpisset-es-banner6-title:before{background:rgba(255,255,255,0.5);}.wpisset_es_banner6-153278697 .wpisset-es-banner6-title-holder:after{background:rgba(255,255,255,0.5);}.wpisset_es_banner6-153278697 .wpisset-es-banner6-container{min-height:200px;}<\/style><\/svg><\/div><\/div><\/div><\/div><div class=\"vc_row wpb_row vc_row-fluid vc_column-gap-15\"><div class=\"wpb_column vc_column_container vc_col-sm-12 vc_col-lg-6\"><div class=\"vc_column-inner\"><div class=\"wpb_wrapper\"><div class=\"wpisset_es_header wpisset_es_header-1379174361 vc_custom_1643199975755 wpisset-es-header-left\" ><div class=\"wpisset-es-header\"><h2 class=\"wpisset-es-header-title\">CROfish<\/h2><span class=\"wpisset-es-header-desc\">More than 25 years of excellence<\/span><\/div><\/div><svg class=\"wpssiet-es-cs\"><style><\/style><\/svg>\n\t<div class=\"wpb_text_column wpb_content_element  p-has-drop-cap\" >\n\t\t<div class=\"wpb_wrapper\">\n\t\t\t<p>Today, CROfish has business partners throughout Europe and beyond. On a weekly basis, we import fish from all European and third countries and at the same time export to all neighboring countries.<\/p>\n<p>In the area of \u200b\u200bthe domestic market, we are present throughout Croatia, through our major partners and through Horeca.<\/p>\n<p>For the satisfaction of their customers, they opened their first retail store in 2021.<\/p>\n<p>We currently base our business 75% on fresh fish and 25% on frozen assortment and seafood delicacies. Our goals are to maintain the quality and freshness of the fish with the aim of continuous and gradual growth.<\/p>\n\n\t\t<\/div>\n\t<\/div>\n<a href=\"https:\/\/crofish.hr\/en\/contact\/\" class=\"wpisset-button wpisset_es_button wpisset_es_button-1244827530 vc_custom_1658401576603\" title=\"\"><span>Contatc us<\/span><\/a><svg class=\"wpssiet-es-cs\"><style><\/style><\/svg><\/div><\/div><\/div><div class=\"wpb_column vc_column_container vc_col-sm-12 vc_col-lg-6\"><div class=\"vc_column-inner\"><div class=\"wpb_wrapper\"><div class=\"vc_row wpb_row vc_inner vc_row-fluid vc_custom_1592461272863\"><div class=\"wpb_column vc_column_container vc_col-sm-6\"><div class=\"vc_column-inner\"><div class=\"wpb_wrapper\"><div class=\"wpisset_es_icons4 wpisset_es_icons4-1457134530 vc_custom_1643208957604\" ><div class=\"wpisset-es-icons4\"><div class=\"wpisset-es-icons4-item\"><div class=\"wpisset-es-icons4-item-holder\"><div class=\"wpisset-es-icons4-item-icon\"><img decoding=\"async\" alt=\"\" src=\"https:\/\/crofish.hr\/wp-content\/uploads\/2020\/06\/icons3-shell.png\"><\/div><div class=\"wpisset-es-icons4-item-content\"><h3 class=\"wpisset-es-icons4-item-title\">We know our fishermen<\/h3><\/div><\/div><\/div><\/div><\/div><svg class=\"wpssiet-es-cs\"><style><\/style><\/svg><div class=\"wpisset_es_icons4 wpisset_es_icons4-1342483832 vc_custom_1643208963243\" ><div class=\"wpisset-es-icons4\"><div class=\"wpisset-es-icons4-item\"><div class=\"wpisset-es-icons4-item-holder\"><div class=\"wpisset-es-icons4-item-icon\"><img decoding=\"async\" alt=\"\" src=\"https:\/\/crofish.hr\/wp-content\/uploads\/2020\/06\/icons3-crab.png\"><\/div><div class=\"wpisset-es-icons4-item-content\"><h3 class=\"wpisset-es-icons4-item-title\">Fresh and frozen fish<\/h3><\/div><\/div><\/div><\/div><\/div><svg class=\"wpssiet-es-cs\"><style><\/style><\/svg><\/div><\/div><\/div><div class=\"wpb_column vc_column_container vc_col-sm-6\"><div class=\"vc_column-inner\"><div class=\"wpb_wrapper\"><div class=\"wpisset_es_icons4 wpisset_es_icons4-2045688053 vc_custom_1643209012968\" ><div class=\"wpisset-es-icons4\"><div class=\"wpisset-es-icons4-item\"><div class=\"wpisset-es-icons4-item-holder\"><div class=\"wpisset-es-icons4-item-icon\"><img decoding=\"async\" alt=\"\" src=\"https:\/\/crofish.hr\/wp-content\/uploads\/2020\/06\/icon3-fish.png\"><\/div><div class=\"wpisset-es-icons4-item-content\"><h3 class=\"wpisset-es-icons4-item-title\">Top fish professionals<\/h3><\/div><\/div><\/div><\/div><\/div><svg class=\"wpssiet-es-cs\"><style><\/style><\/svg><div class=\"wpisset_es_icons4 wpisset_es_icons4-1686197964 vc_custom_1643208969468\" ><div class=\"wpisset-es-icons4\"><div class=\"wpisset-es-icons4-item\"><div class=\"wpisset-es-icons4-item-holder\"><div class=\"wpisset-es-icons4-item-icon\"><img decoding=\"async\" alt=\"\" src=\"https:\/\/crofish.hr\/wp-content\/uploads\/2020\/06\/icons3-lobster.png\"><\/div><div class=\"wpisset-es-icons4-item-content\"><h3 class=\"wpisset-es-icons4-item-title\">Many years of experience<\/h3><\/div><\/div><\/div><\/div><\/div><svg class=\"wpssiet-es-cs\"><style><\/style><\/svg><\/div><\/div><\/div><\/div><\/div><\/div><\/div><\/div><div class=\"vc_row wpb_row vc_row-fluid\"><div class=\"wpb_column vc_column_container vc_col-sm-12\"><div class=\"vc_column-inner\"><div class=\"wpb_wrapper\"><div class=\"wpisset_es_header wpisset_es_header-505379973 vc_custom_1643200451219 wpisset-es-header-center\" ><div class=\"wpisset-es-header\"><h2 class=\"wpisset-es-header-title\">Catalog<\/h2><span class=\"wpisset-es-header-desc\">Browse our catalog<\/span><\/div><\/div><svg class=\"wpssiet-es-cs\"><style><\/style><\/svg><div class=\"vc_separator wpb_content_element vc_separator_align_center vc_sep_width_100 vc_sep_pos_align_center vc_sep_color_white\" ><span class=\"vc_sep_holder vc_sep_holder_l\"><span  class=\"vc_sep_line\"><\/span><\/span><span class=\"vc_sep_holder vc_sep_holder_r\"><span  class=\"vc_sep_line\"><\/span><\/span>\n<\/div>\n\t<div class=\"wpb_raw_code wpb_content_element wpb_raw_html\" >\n\t\t<div class=\"wpb_wrapper\">\n\t\t\t<div class=\"_3d-flip-book  fb3d-fullscreen-mode full-size\" data-id=\"2167\" data-mode=\"fullscreen\" data-title=\"false\" data-template=\"short-white-book-view\" data-lightbox=\"dark-shadow\" data-urlparam=\"fb3d-page\" data-page-n=\"0\" data-pdf=\"\" data-tax=\"null\" data-thumbnail=\"\" data-cols=\"3\" data-book-template=\"default\"><\/div><script type=\"text\/javascript\">window.FB3D_CLIENT_DATA = window.FB3D_CLIENT_DATA || [];window.FB3D_CLIENT_DATA.push('eyJwb3N0cyI6eyIyMTY3Ijp7IklEIjoyMTY3LCJ0aXRsZSI6IkthdGFsb2ciLCJ0eXBlIjoicGRmIiwicmVhZHlfZnVuY3Rpb24iOiIiLCJib29rX3N0eWxlIjoidm9sdW1lIiwiYm9va190ZW1wbGF0ZSI6Im5vbmUiLCJvdXRsaW5lIjpbXSwiZGF0YSI6eyJwb3N0X0lEIjoiMjE2OCIsImd1aWQiOiJodHRwczpcL1wvY3JvZmlzaC5oclwvd3AtY29udGVudFwvdXBsb2Fkc1wvMjAyMlwvMDJcL25hc2xvdm5hLW1lcmdlZC5wZGYiLCJwZGZfcGFnZXMiOiI4IiwicGFnZXNfY3VzdG9taXphdGlvbiI6Im5vbmUifSwidGh1bWJuYWlsIjp7ImRhdGEiOnsicG9zdF9JRCI6IjAifSwidHlwZSI6ImF1dG8ifSwicHJvcHMiOnsiY2FjaGVkUGFnZXMiOiJhdXRvIiwicmVuZGVySW5hY3RpdmVQYWdlcyI6ImF1dG8iLCJyZW5kZXJJbmFjdGl2ZVBhZ2VzT25Nb2JpbGUiOiJhdXRvIiwicmVuZGVyV2hpbGVGbGlwcGluZyI6ImF1dG8iLCJwcmVsb2FkUGFnZXMiOiJhdXRvIiwicnRsIjoiYXV0byIsImludGVyYWN0aXZlQ29ybmVycyI6ImF1dG8iLCJzaGVldCI6eyJzdGFydFZlbG9jaXR5IjoiYXV0byIsIndhdmUiOiJhdXRvIiwic2hhcGUiOiJhdXRvIiwid2lkdGhUZXhlbHMiOiJhdXRvIiwiY29sb3IiOiJhdXRvIiwic2lkZSI6ImF1dG8iLCJjb3JuZXJEZXZpYXRpb24iOiJhdXRvIiwiZmxleGliaWxpdHkiOiJhdXRvIiwiZmxleGlibGVDb3JuZXIiOiJhdXRvIiwiYmVuZGluZyI6ImF1dG8iLCJoZWlnaHRUZXhlbHMiOiJhdXRvIn0sImNvdmVyIjp7IndhdmUiOiJhdXRvIiwiY29sb3IiOiJhdXRvIiwiYmluZGVyVGV4dHVyZSI6ImF1dG8iLCJkZXB0aCI6ImF1dG8iLCJwYWRkaW5nIjoiYXV0byIsInN0YXJ0VmVsb2NpdHkiOiJhdXRvIiwiZmxleGliaWxpdHkiOiJhdXRvIiwiZmxleGlibGVDb3JuZXIiOiJhdXRvIiwiYmVuZGluZyI6ImF1dG8iLCJ3aWR0aFRleGVscyI6ImF1dG8iLCJoZWlnaHRUZXhlbHMiOiJhdXRvIiwibWFzcyI6ImF1dG8iLCJzaWRlIjoiYXV0byIsInNoYXBlIjoiYXV0byJ9LCJwYWdlIjp7IndhdmUiOiJhdXRvIiwiY29sb3IiOiIxNTkyMTkwNi4wMDAwMDAiLCJkZXB0aCI6ImF1dG8iLCJzdGFydFZlbG9jaXR5IjoiYXV0byIsImZsZXhpYmlsaXR5IjoiYXV0byIsImZsZXhpYmxlQ29ybmVyIjoiYXV0byIsImJlbmRpbmciOiJhdXRvIiwid2lkdGhUZXhlbHMiOiJhdXRvIiwiaGVpZ2h0VGV4ZWxzIjoiYXV0byIsIm1hc3MiOiJhdXRvIiwic2lkZSI6ImF1dG8iLCJzaGFwZSI6ImF1dG8ifSwiaGVpZ2h0IjoiYXV0byIsIndpZHRoIjoiYXV0byIsImdyYXZpdHkiOiJhdXRvIiwicGFnZXNGb3JQcmVkaWN0aW5nIjoiYXV0byJ9LCJjb250cm9sUHJvcHMiOnsiYWN0aW9ucyI6eyJjbWRTYXZlIjp7ImVuYWJsZWQiOiJhdXRvIiwiZW5hYmxlZEluTmFycm93IjoiYXV0byJ9LCJjbWRQcmludCI6eyJlbmFibGVkIjoiYXV0byIsImVuYWJsZWRJbk5hcnJvdyI6ImF1dG8ifSwiY21kU2luZ2xlUGFnZSI6eyJlbmFibGVkIjoiYXV0byIsImVuYWJsZWRJbk5hcnJvdyI6ImF1dG8iLCJhY3RpdmUiOiJhdXRvIiwiYWN0aXZlRm9yTW9iaWxlIjoiYXV0byJ9fX0sImF1dG9UaHVtYm5haWwiOiJodHRwczpcL1wvY3JvZmlzaC5oclwvd3AtY29udGVudFwvdXBsb2Fkc1wvM2QtZmxpcC1ib29rXC9hdXRvLXRodW1ibmFpbHNcLzIxNjcucG5nIiwicG9zdF9uYW1lIjoia2F0YWxvZyIsInBvc3RfdHlwZSI6IjNkLWZsaXAtYm9vayJ9fSwicGFnZXMiOltdLCJmaXJzdFBhZ2VzIjpbXX0=');window.FB3D_CLIENT_LOCALE && window.FB3D_CLIENT_LOCALE.render();<\/script>\n\t\t<\/div>\n\t<\/div>\n<\/div><\/div><\/div><\/div>","protected":false},"excerpt":{"rendered":"CROfishVi\u0161e od 25 godina izvrsnosti Danas firma CROfish ima poslovne partnere u cijeloj Europi i \u0161ire. Na tjednoj bazi uvozimo ribu iz svih europskih i tre\u0107ih zemalja te ujedno izvozimo u sve susjedne zemlje. Na podru\u010dju doma\u0107eg tr\u017ei\u0161ta smo prisutni u cijeloj Hrvatskoj, preko na\u0161ih velikih partnera i kroz Horecu. Radi zadovoljstva svojih kupaca 2021. [...]","protected":false},"author":1,"featured_media":0,"parent":0,"menu_order":0,"comment_status":"closed","ping_status":"closed","template":"","meta":{"om_disable_all_campaigns":false,"_mi_skip_tracking":false,"_monsterinsights_sitenote_active":false,"_monsterinsights_sitenote_note":"","_monsterinsights_sitenote_category":0,"footnotes":""},"class_list":["post-15","page","type-page","status-publish","hentry","wpisset-post"],"yoast_head":"<!-- This site is optimized with the Yoast SEO plugin v21.6 - https:\/\/yoast.com\/wordpress\/plugins\/seo\/ -->\n<title>Ponuda - Crofish<\/title>\n<meta name=\"robots\" content=\"index, follow, max-snippet:-1, max-image-preview:large, max-video-preview:-1\" \/>\n<link rel=\"canonical\" href=\"https:\/\/crofish.hr\/en\/ponuda\/\" \/>\n<meta property=\"og:locale\" content=\"en_GB\" \/>\n<meta property=\"og:type\" content=\"article\" \/>\n<meta property=\"og:title\" content=\"Ponuda - Crofish\" \/>\n<meta property=\"og:url\" content=\"https:\/\/crofish.hr\/en\/ponuda\/\" \/>\n<meta property=\"og:site_name\" content=\"Crofish\" \/>\n<meta property=\"article:modified_time\" content=\"2022-07-21T11:06:20+00:00\" \/>\n<meta name=\"twitter:card\" content=\"summary_large_image\" \/>\n<meta name=\"twitter:label1\" content=\"Estimated reading time\" \/>\n\t<meta name=\"twitter:data1\" content=\"1 minute\" \/>\n<script type=\"application\/ld+json\" class=\"yoast-schema-graph\">{\"@context\":\"https:\/\/schema.org\",\"@graph\":[{\"@type\":\"WebPage\",\"@id\":\"https:\/\/crofish.hr\/ponuda\/\",\"url\":\"https:\/\/crofish.hr\/ponuda\/\",\"name\":\"Ponuda - Crofish\",\"isPartOf\":{\"@id\":\"https:\/\/crofish.hr\/#website\"},\"datePublished\":\"2020-06-11T04:49:18+00:00\",\"dateModified\":\"2022-07-21T11:06:20+00:00\",\"breadcrumb\":{\"@id\":\"https:\/\/crofish.hr\/ponuda\/#breadcrumb\"},\"inLanguage\":\"en-GB\",\"potentialAction\":[{\"@type\":\"ReadAction\",\"target\":[\"https:\/\/crofish.hr\/ponuda\/\"]}]},{\"@type\":\"BreadcrumbList\",\"@id\":\"https:\/\/crofish.hr\/ponuda\/#breadcrumb\",\"itemListElement\":[{\"@type\":\"ListItem\",\"position\":1,\"name\":\"Home\",\"item\":\"https:\/\/crofish.hr\/\"},{\"@type\":\"ListItem\",\"position\":2,\"name\":\"Ponuda\"}]},{\"@type\":\"WebSite\",\"@id\":\"https:\/\/crofish.hr\/#website\",\"url\":\"https:\/\/crofish.hr\/\",\"name\":\"Crofish\",\"description\":\"Najbolja riba\",\"publisher\":{\"@id\":\"https:\/\/crofish.hr\/#organization\"},\"potentialAction\":[{\"@type\":\"SearchAction\",\"target\":{\"@type\":\"EntryPoint\",\"urlTemplate\":\"https:\/\/crofish.hr\/?s={search_term_string}\"},\"query-input\":\"required name=search_term_string\"}],\"inLanguage\":\"en-GB\"},{\"@type\":\"Organization\",\"@id\":\"https:\/\/crofish.hr\/#organization\",\"name\":\"Crofish\",\"url\":\"https:\/\/crofish.hr\/\",\"logo\":{\"@type\":\"ImageObject\",\"inLanguage\":\"en-GB\",\"@id\":\"https:\/\/crofish.hr\/#\/schema\/logo\/image\/\",\"url\":\"https:\/\/crofish.hr\/wp-content\/uploads\/2021\/11\/cropped-LOGO-png1.png\",\"contentUrl\":\"https:\/\/crofish.hr\/wp-content\/uploads\/2021\/11\/cropped-LOGO-png1.png\",\"width\":177,\"height\":47,\"caption\":\"Crofish\"},\"image\":{\"@id\":\"https:\/\/crofish.hr\/#\/schema\/logo\/image\/\"}}]}<\/script>\n<!-- \/ Yoast SEO plugin. -->","yoast_head_json":{"title":"Ponuda - Crofish","robots":{"index":"index","follow":"follow","max-snippet":"max-snippet:-1","max-image-preview":"max-image-preview:large","max-video-preview":"max-video-preview:-1"},"canonical":"https:\/\/crofish.hr\/en\/ponuda\/","og_locale":"en_GB","og_type":"article","og_title":"Ponuda - Crofish","og_url":"https:\/\/crofish.hr\/en\/ponuda\/","og_site_name":"Crofish","article_modified_time":"2022-07-21T11:06:20+00:00","twitter_card":"summary_large_image","twitter_misc":{"Estimated reading time":"1 minute"},"schema":{"@context":"https:\/\/schema.org","@graph":[{"@type":"WebPage","@id":"https:\/\/crofish.hr\/ponuda\/","url":"https:\/\/crofish.hr\/ponuda\/","name":"Ponuda - Crofish","isPartOf":{"@id":"https:\/\/crofish.hr\/#website"},"datePublished":"2020-06-11T04:49:18+00:00","dateModified":"2022-07-21T11:06:20+00:00","breadcrumb":{"@id":"https:\/\/crofish.hr\/ponuda\/#breadcrumb"},"inLanguage":"en-GB","potentialAction":[{"@type":"ReadAction","target":["https:\/\/crofish.hr\/ponuda\/"]}]},{"@type":"BreadcrumbList","@id":"https:\/\/crofish.hr\/ponuda\/#breadcrumb","itemListElement":[{"@type":"ListItem","position":1,"name":"Home","item":"https:\/\/crofish.hr\/"},{"@type":"ListItem","position":2,"name":"Ponuda"}]},{"@type":"WebSite","@id":"https:\/\/crofish.hr\/#website","url":"https:\/\/crofish.hr\/","name":"Crofish","description":"Najbolja riba","publisher":{"@id":"https:\/\/crofish.hr\/#organization"},"potentialAction":[{"@type":"SearchAction","target":{"@type":"EntryPoint","urlTemplate":"https:\/\/crofish.hr\/?s={search_term_string}"},"query-input":"required name=search_term_string"}],"inLanguage":"en-GB"},{"@type":"Organization","@id":"https:\/\/crofish.hr\/#organization","name":"Crofish","url":"https:\/\/crofish.hr\/","logo":{"@type":"ImageObject","inLanguage":"en-GB","@id":"https:\/\/crofish.hr\/#\/schema\/logo\/image\/","url":"https:\/\/crofish.hr\/wp-content\/uploads\/2021\/11\/cropped-LOGO-png1.png","contentUrl":"https:\/\/crofish.hr\/wp-content\/uploads\/2021\/11\/cropped-LOGO-png1.png","width":177,"height":47,"caption":"Crofish"},"image":{"@id":"https:\/\/crofish.hr\/#\/schema\/logo\/image\/"}}]}},"_links":{"self":[{"href":"https:\/\/crofish.hr\/en\/wp-json\/wp\/v2\/pages\/15","targetHints":{"allow":["GET"]}}],"collection":[{"href":"https:\/\/crofish.hr\/en\/wp-json\/wp\/v2\/pages"}],"about":[{"href":"https:\/\/crofish.hr\/en\/wp-json\/wp\/v2\/types\/page"}],"author":[{"embeddable":true,"href":"https:\/\/crofish.hr\/en\/wp-json\/wp\/v2\/users\/1"}],"replies":[{"embeddable":true,"href":"https:\/\/crofish.hr\/en\/wp-json\/wp\/v2\/comments?post=15"}],"version-history":[{"count":20,"href":"https:\/\/crofish.hr\/en\/wp-json\/wp\/v2\/pages\/15\/revisions"}],"predecessor-version":[{"id":2228,"href":"https:\/\/crofish.hr\/en\/wp-json\/wp\/v2\/pages\/15\/revisions\/2228"}],"wp:attachment":[{"href":"https:\/\/crofish.hr\/en\/wp-json\/wp\/v2\/media?parent=15"}],"curies":[{"name":"wp","href":"https:\/\/api.w.org\/{rel}","templated":true}]}}