{"id":1245,"date":"2020-07-09T13:07:22","date_gmt":"2020-07-09T13:07:22","guid":{"rendered":"http:\/\/meabhy-1006:8888\/?page_id=1245"},"modified":"2022-07-20T16:00:48","modified_gmt":"2022-07-20T14:00:48","slug":"recepti","status":"publish","type":"page","link":"https:\/\/crofish.hr\/en\/recepti\/","title":{"rendered":"Recepies"},"content":{"rendered":"<div data-vc-full-width=\"true\" data-vc-full-width-init=\"false\" data-vc-stretch-content=\"true\" class=\"vc_row wpb_row vc_row-fluid wpb-fullwide-row vc_custom_1658325637943 vc_row-has-fill vc_row-no-padding vc_row-o-content-middle vc_row-flex\"><div class=\"wpb_column vc_column_container vc_col-sm-12\"><div class=\"vc_column-inner vc_custom_1586249680884\"><div class=\"wpb_wrapper\"><\/div><\/div><\/div><\/div><div class=\"vc_row-full-width vc_clearfix\"><\/div><div data-vc-full-width=\"true\" data-vc-full-width-init=\"false\" data-vc-stretch-content=\"true\" class=\"vc_row wpb_row vc_row-fluid wpb-fullwide-row vc_row-no-padding\"><div class=\"wpb_column vc_column_container vc_col-sm-12\"><div class=\"vc_column-inner\"><div class=\"wpb_wrapper\"><div class=\"wpisset-es-portfolio wpisset-es-portfolio-img-ratio-1x1 wpisset-es-portfolio-spacing- wpisset-es-portfolio-3-columns wpisset-es-portfolio-1951381892\"><ul id=\"filters\"><li><a class=\"selected\" href=\"#\" onclick=\"return false;\" data-filter=\"*\"><span>All<\/span><\/a><\/li><li><a href=\"#\" onclick=\"return false;\" class=\"post-category-1-sat\" data-filter=\".1-sat\"><span>1 HOUR<\/span><\/a><\/li> <li><a href=\"#\" onclick=\"return false;\" class=\"post-category-30-minuta\" data-filter=\".30-minuta\"><span>30 MINUTES<\/span><\/a><\/li> <li><a href=\"#\" onclick=\"return false;\" class=\"post-category-smrznuta\" data-filter=\".smrznuta\"><span>FROZEN FISH<\/span><\/a><\/li> <li><a href=\"#\" onclick=\"return false;\" class=\"post-category-svjeza\" data-filter=\".svjeza\"><span>FRESH FISH<\/span><\/a><\/li> <li><a href=\"#\" onclick=\"return false;\" class=\"post-category-zdravo\" data-filter=\".zdravo\"><span>HEALTHY<\/span><\/a><\/li><\/ul><div class=\"wpisset-grid wpisset-grid-def-space wpisset-grid-def-col wpisset-grid-1951381892\"><div class=\"wpisset-grid-sizer\"><\/div><div class=\"wpisset-grid-gutter\"><\/div><div class=\"wpisset-grid-item wpisset-es-portfolio-post wpisset-grid-item 1-sat svjeza zdravo\"><a href=\"https:\/\/crofish.hr\/en\/portfolio\/tuna-burger\/\" class=\"wpisset-es-portfolio-img wpisset-cursor-anim-element wpisset-cursor-anim-element-type2\" data-cursor-text=\"Pogledaj vi\u0161e\" data-cursor-subtitle=\"Novi recepti\" data-cursor-color=\"#222b33\" data-cursor-text-color=\"#ffffff\" data-cursor-subtitle-color=\"#aad7ff\" ><img loading=\"lazy\" decoding=\"async\" width=\"879\" height=\"586\" src=\"https:\/\/crofish.hr\/wp-content\/uploads\/2022\/02\/050317berk.jpg\" class=\"attachment-full size-full wp-post-image\" alt=\"\" srcset=\"https:\/\/crofish.hr\/wp-content\/uploads\/2022\/02\/050317berk.jpg 879w, https:\/\/crofish.hr\/wp-content\/uploads\/2022\/02\/050317berk-300x200.jpg 300w, https:\/\/crofish.hr\/wp-content\/uploads\/2022\/02\/050317berk-768x512.jpg 768w, https:\/\/crofish.hr\/wp-content\/uploads\/2022\/02\/050317berk-600x400.jpg 600w\" sizes=\"auto, (max-width: 879px) 100vw, 879px\" \/><\/a><h3><a href=\"https:\/\/crofish.hr\/en\/portfolio\/tuna-burger\/\" rel=\"bookmark\" title=\"Tuna burger\">Tuna burger<\/a><\/h3><div class=\"wpisset-es-portfolio-meta\"><a href=\"https:\/\/crofish.hr\/en\/portfolio_category\/1-sat\/\" rel=\"tag\">1 HOUR<\/a> - <a href=\"https:\/\/crofish.hr\/en\/portfolio_category\/svjeza\/\" rel=\"tag\">FRESH FISH<\/a> - <a href=\"https:\/\/crofish.hr\/en\/portfolio_category\/zdravo\/\" rel=\"tag\">HEALTHY<\/a><\/div><\/div><div class=\"wpisset-grid-item wpisset-es-portfolio-post wpisset-grid-item 1-sat svjeza zdravo\"><a href=\"https:\/\/crofish.hr\/en\/portfolio\/jastog-sa-spagetama\/\" class=\"wpisset-es-portfolio-img wpisset-cursor-anim-element wpisset-cursor-anim-element-type2\" data-cursor-text=\"Pogledaj vi\u0161e\" data-cursor-subtitle=\"Novi recepti\" data-cursor-color=\"#222b33\" data-cursor-text-color=\"#ffffff\" data-cursor-subtitle-color=\"#aad7ff\" ><img loading=\"lazy\" decoding=\"async\" width=\"654\" height=\"425\" src=\"https:\/\/crofish.hr\/wp-content\/uploads\/2022\/02\/jastog.webp\" class=\"attachment-full size-full wp-post-image\" alt=\"\" srcset=\"https:\/\/crofish.hr\/wp-content\/uploads\/2022\/02\/jastog.webp 654w, https:\/\/crofish.hr\/wp-content\/uploads\/2022\/02\/jastog-300x195.webp 300w, https:\/\/crofish.hr\/wp-content\/uploads\/2022\/02\/jastog-600x390.webp 600w\" sizes=\"auto, (max-width: 654px) 100vw, 654px\" \/><\/a><h3><a href=\"https:\/\/crofish.hr\/en\/portfolio\/jastog-sa-spagetama\/\" rel=\"bookmark\" title=\"Lobster with spaghetti\">Lobster with spaghetti<\/a><\/h3><div class=\"wpisset-es-portfolio-meta\"><a href=\"https:\/\/crofish.hr\/en\/portfolio_category\/1-sat\/\" rel=\"tag\">1 HOUR<\/a> - <a href=\"https:\/\/crofish.hr\/en\/portfolio_category\/svjeza\/\" rel=\"tag\">FRESH FISH<\/a> - <a href=\"https:\/\/crofish.hr\/en\/portfolio_category\/zdravo\/\" rel=\"tag\">HEALTHY<\/a><\/div><\/div><div class=\"wpisset-grid-item wpisset-es-portfolio-post wpisset-grid-item 1-sat svjeza zdravo\"><a href=\"https:\/\/crofish.hr\/en\/portfolio\/crni-rizot\/\" class=\"wpisset-es-portfolio-img wpisset-cursor-anim-element wpisset-cursor-anim-element-type2\" data-cursor-text=\"Pogledaj vi\u0161e\" data-cursor-subtitle=\"Novi recepti\" data-cursor-color=\"#222b33\" data-cursor-text-color=\"#ffffff\" data-cursor-subtitle-color=\"#aad7ff\" ><img loading=\"lazy\" decoding=\"async\" width=\"943\" height=\"803\" src=\"https:\/\/crofish.hr\/wp-content\/uploads\/2022\/02\/9153b76b7222347c1fbf.jpeg\" class=\"attachment-full size-full wp-post-image\" alt=\"\" srcset=\"https:\/\/crofish.hr\/wp-content\/uploads\/2022\/02\/9153b76b7222347c1fbf.jpeg 943w, https:\/\/crofish.hr\/wp-content\/uploads\/2022\/02\/9153b76b7222347c1fbf-300x255.jpeg 300w, https:\/\/crofish.hr\/wp-content\/uploads\/2022\/02\/9153b76b7222347c1fbf-768x654.jpeg 768w, https:\/\/crofish.hr\/wp-content\/uploads\/2022\/02\/9153b76b7222347c1fbf-600x511.jpeg 600w\" sizes=\"auto, (max-width: 943px) 100vw, 943px\" \/><\/a><h3><a href=\"https:\/\/crofish.hr\/en\/portfolio\/crni-rizot\/\" rel=\"bookmark\" title=\"Black risotto\">Black risotto<\/a><\/h3><div class=\"wpisset-es-portfolio-meta\"><a href=\"https:\/\/crofish.hr\/en\/portfolio_category\/1-sat\/\" rel=\"tag\">1 HOUR<\/a> - <a href=\"https:\/\/crofish.hr\/en\/portfolio_category\/svjeza\/\" rel=\"tag\">FRESH FISH<\/a> - <a href=\"https:\/\/crofish.hr\/en\/portfolio_category\/zdravo\/\" rel=\"tag\">HEALTHY<\/a><\/div><\/div><div class=\"wpisset-grid-item wpisset-es-portfolio-post wpisset-grid-item 1-sat svjeza zdravo\"><a href=\"https:\/\/crofish.hr\/en\/portfolio\/humus-od-slanutka-i-dimljene-ribe\/\" class=\"wpisset-es-portfolio-img wpisset-cursor-anim-element wpisset-cursor-anim-element-type2\" data-cursor-text=\"Pogledaj vi\u0161e\" data-cursor-subtitle=\"Novi recepti\" data-cursor-color=\"#222b33\" data-cursor-text-color=\"#ffffff\" data-cursor-subtitle-color=\"#aad7ff\" ><img loading=\"lazy\" decoding=\"async\" width=\"868\" height=\"567\" src=\"https:\/\/crofish.hr\/wp-content\/uploads\/2022\/02\/61872781.jpg\" class=\"attachment-full size-full wp-post-image\" alt=\"\" srcset=\"https:\/\/crofish.hr\/wp-content\/uploads\/2022\/02\/61872781.jpg 868w, https:\/\/crofish.hr\/wp-content\/uploads\/2022\/02\/61872781-300x196.jpg 300w, https:\/\/crofish.hr\/wp-content\/uploads\/2022\/02\/61872781-768x502.jpg 768w, https:\/\/crofish.hr\/wp-content\/uploads\/2022\/02\/61872781-600x392.jpg 600w\" sizes=\"auto, (max-width: 868px) 100vw, 868px\" \/><\/a><h3><a href=\"https:\/\/crofish.hr\/en\/portfolio\/humus-od-slanutka-i-dimljene-ribe\/\" rel=\"bookmark\" title=\"Chickpea and smoked fish hummus\">Chickpea and smoked fish hummus<\/a><\/h3><div class=\"wpisset-es-portfolio-meta\"><a href=\"https:\/\/crofish.hr\/en\/portfolio_category\/1-sat\/\" rel=\"tag\">1 HOUR<\/a> - <a href=\"https:\/\/crofish.hr\/en\/portfolio_category\/svjeza\/\" rel=\"tag\">FRESH FISH<\/a> - <a href=\"https:\/\/crofish.hr\/en\/portfolio_category\/zdravo\/\" rel=\"tag\">HEALTHY<\/a><\/div><\/div><div class=\"wpisset-grid-item wpisset-es-portfolio-post wpisset-grid-item 1-sat svjeza zdravo\"><a href=\"https:\/\/crofish.hr\/en\/portfolio\/oslic-u-aromaticnoj-korici\/\" class=\"wpisset-es-portfolio-img wpisset-cursor-anim-element wpisset-cursor-anim-element-type2\" data-cursor-text=\"Pogledaj vi\u0161e\" data-cursor-subtitle=\"Novi recepti\" data-cursor-color=\"#222b33\" data-cursor-text-color=\"#ffffff\" data-cursor-subtitle-color=\"#aad7ff\" ><img loading=\"lazy\" decoding=\"async\" width=\"1024\" height=\"536\" src=\"https:\/\/crofish.hr\/wp-content\/uploads\/2022\/02\/f_23419671_1024.jpg\" class=\"attachment-full size-full wp-post-image\" alt=\"\" srcset=\"https:\/\/crofish.hr\/wp-content\/uploads\/2022\/02\/f_23419671_1024.jpg 1024w, https:\/\/crofish.hr\/wp-content\/uploads\/2022\/02\/f_23419671_1024-300x157.jpg 300w, https:\/\/crofish.hr\/wp-content\/uploads\/2022\/02\/f_23419671_1024-768x402.jpg 768w, https:\/\/crofish.hr\/wp-content\/uploads\/2022\/02\/f_23419671_1024-600x314.jpg 600w\" sizes=\"auto, (max-width: 1024px) 100vw, 1024px\" \/><\/a><h3><a href=\"https:\/\/crofish.hr\/en\/portfolio\/oslic-u-aromaticnoj-korici\/\" rel=\"bookmark\" title=\"Hake in an aromatic crust\">Hake in an aromatic crust<\/a><\/h3><div class=\"wpisset-es-portfolio-meta\"><a href=\"https:\/\/crofish.hr\/en\/portfolio_category\/1-sat\/\" rel=\"tag\">1 HOUR<\/a> - <a href=\"https:\/\/crofish.hr\/en\/portfolio_category\/svjeza\/\" rel=\"tag\">FRESH FISH<\/a> - <a href=\"https:\/\/crofish.hr\/en\/portfolio_category\/zdravo\/\" rel=\"tag\">HEALTHY<\/a><\/div><\/div><div class=\"wpisset-grid-item wpisset-es-portfolio-post wpisset-grid-item 1-sat svjeza zdravo\"><a href=\"https:\/\/crofish.hr\/en\/portfolio\/pecena-skarpina\/\" class=\"wpisset-es-portfolio-img wpisset-cursor-anim-element wpisset-cursor-anim-element-type2\" data-cursor-text=\"Pogledaj vi\u0161e\" data-cursor-subtitle=\"Novi recepti\" data-cursor-color=\"#222b33\" data-cursor-text-color=\"#ffffff\" data-cursor-subtitle-color=\"#aad7ff\" ><img loading=\"lazy\" decoding=\"async\" width=\"750\" height=\"496\" src=\"https:\/\/crofish.hr\/wp-content\/uploads\/2022\/02\/zapec48dena-c5a1karpina-sa-aromatic48dnim-biljem.jpg\" class=\"attachment-full size-full wp-post-image\" alt=\"\" srcset=\"https:\/\/crofish.hr\/wp-content\/uploads\/2022\/02\/zapec48dena-c5a1karpina-sa-aromatic48dnim-biljem.jpg 750w, https:\/\/crofish.hr\/wp-content\/uploads\/2022\/02\/zapec48dena-c5a1karpina-sa-aromatic48dnim-biljem-300x198.jpg 300w, https:\/\/crofish.hr\/wp-content\/uploads\/2022\/02\/zapec48dena-c5a1karpina-sa-aromatic48dnim-biljem-600x397.jpg 600w\" sizes=\"auto, (max-width: 750px) 100vw, 750px\" \/><\/a><h3><a href=\"https:\/\/crofish.hr\/en\/portfolio\/pecena-skarpina\/\" rel=\"bookmark\" title=\"Baked grouper\">Baked grouper<\/a><\/h3><div class=\"wpisset-es-portfolio-meta\"><a href=\"https:\/\/crofish.hr\/en\/portfolio_category\/1-sat\/\" rel=\"tag\">1 HOUR<\/a> - <a href=\"https:\/\/crofish.hr\/en\/portfolio_category\/svjeza\/\" rel=\"tag\">FRESH FISH<\/a> - <a href=\"https:\/\/crofish.hr\/en\/portfolio_category\/zdravo\/\" rel=\"tag\">HEALTHY<\/a><\/div><\/div><\/div>\t<\/div><svg class=\"wpssiet-es-cs\"><style><\/style><\/svg><\/div><\/div><\/div><\/div><div class=\"vc_row-full-width vc_clearfix\"><\/div>","protected":false},"excerpt":{"rendered":"Sastojci: 800 g \u0161karpine 150 g luka 350 g paprike 200 g cherry raj\u010dica 100 ml vode 1 \u010de\u0161anj \u010de\u0161njaka 1 \u017eli\u010dica soli prstohvat crnog mljevenog papra 100 ml maslinovog ulja 1 \u017elica nasjeckanog per\u0161ina \u0160karpinu dobro o\u010distite, operite, posolite i stavite u prikladnu posudu. U posudi pomije\u0161ajte luk narezan na plo\u0161ke i papriku narezanu [...]","protected":false},"author":1,"featured_media":0,"parent":0,"menu_order":0,"comment_status":"closed","ping_status":"closed","template":"","meta":{"om_disable_all_campaigns":false,"_mi_skip_tracking":false,"_monsterinsights_sitenote_active":false,"_monsterinsights_sitenote_note":"","_monsterinsights_sitenote_category":0,"footnotes":""},"class_list":["post-1245","page","type-page","status-publish","hentry","wpisset-post"],"yoast_head":"<!-- This site is optimized with the Yoast SEO plugin v21.6 - https:\/\/yoast.com\/wordpress\/plugins\/seo\/ -->\n<title>Recepti - Crofish<\/title>\n<meta name=\"robots\" content=\"index, follow, max-snippet:-1, max-image-preview:large, max-video-preview:-1\" \/>\n<link rel=\"canonical\" href=\"https:\/\/crofish.hr\/en\/recepti\/\" \/>\n<meta property=\"og:locale\" content=\"en_GB\" \/>\n<meta property=\"og:type\" content=\"article\" \/>\n<meta property=\"og:title\" content=\"Recepti - Crofish\" \/>\n<meta property=\"og:url\" content=\"https:\/\/crofish.hr\/en\/recepti\/\" \/>\n<meta property=\"og:site_name\" content=\"Crofish\" \/>\n<meta property=\"article:modified_time\" content=\"2022-07-20T14:00:48+00:00\" \/>\n<meta name=\"twitter:card\" content=\"summary_large_image\" \/>\n<meta name=\"twitter:label1\" content=\"Estimated reading time\" \/>\n\t<meta name=\"twitter:data1\" content=\"1 minute\" \/>\n<script type=\"application\/ld+json\" class=\"yoast-schema-graph\">{\"@context\":\"https:\/\/schema.org\",\"@graph\":[{\"@type\":\"WebPage\",\"@id\":\"https:\/\/crofish.hr\/recepti\/\",\"url\":\"https:\/\/crofish.hr\/recepti\/\",\"name\":\"Recepti - Crofish\",\"isPartOf\":{\"@id\":\"https:\/\/crofish.hr\/#website\"},\"datePublished\":\"2020-07-09T13:07:22+00:00\",\"dateModified\":\"2022-07-20T14:00:48+00:00\",\"breadcrumb\":{\"@id\":\"https:\/\/crofish.hr\/recepti\/#breadcrumb\"},\"inLanguage\":\"en-GB\",\"potentialAction\":[{\"@type\":\"ReadAction\",\"target\":[\"https:\/\/crofish.hr\/recepti\/\"]}]},{\"@type\":\"BreadcrumbList\",\"@id\":\"https:\/\/crofish.hr\/recepti\/#breadcrumb\",\"itemListElement\":[{\"@type\":\"ListItem\",\"position\":1,\"name\":\"Home\",\"item\":\"https:\/\/crofish.hr\/\"},{\"@type\":\"ListItem\",\"position\":2,\"name\":\"Recepti\"}]},{\"@type\":\"WebSite\",\"@id\":\"https:\/\/crofish.hr\/#website\",\"url\":\"https:\/\/crofish.hr\/\",\"name\":\"Crofish\",\"description\":\"Najbolja riba\",\"publisher\":{\"@id\":\"https:\/\/crofish.hr\/#organization\"},\"potentialAction\":[{\"@type\":\"SearchAction\",\"target\":{\"@type\":\"EntryPoint\",\"urlTemplate\":\"https:\/\/crofish.hr\/?s={search_term_string}\"},\"query-input\":\"required name=search_term_string\"}],\"inLanguage\":\"en-GB\"},{\"@type\":\"Organization\",\"@id\":\"https:\/\/crofish.hr\/#organization\",\"name\":\"Crofish\",\"url\":\"https:\/\/crofish.hr\/\",\"logo\":{\"@type\":\"ImageObject\",\"inLanguage\":\"en-GB\",\"@id\":\"https:\/\/crofish.hr\/#\/schema\/logo\/image\/\",\"url\":\"https:\/\/crofish.hr\/wp-content\/uploads\/2021\/11\/cropped-LOGO-png1.png\",\"contentUrl\":\"https:\/\/crofish.hr\/wp-content\/uploads\/2021\/11\/cropped-LOGO-png1.png\",\"width\":177,\"height\":47,\"caption\":\"Crofish\"},\"image\":{\"@id\":\"https:\/\/crofish.hr\/#\/schema\/logo\/image\/\"}}]}<\/script>\n<!-- \/ Yoast SEO plugin. -->","yoast_head_json":{"title":"Recepti - Crofish","robots":{"index":"index","follow":"follow","max-snippet":"max-snippet:-1","max-image-preview":"max-image-preview:large","max-video-preview":"max-video-preview:-1"},"canonical":"https:\/\/crofish.hr\/en\/recepti\/","og_locale":"en_GB","og_type":"article","og_title":"Recepti - Crofish","og_url":"https:\/\/crofish.hr\/en\/recepti\/","og_site_name":"Crofish","article_modified_time":"2022-07-20T14:00:48+00:00","twitter_card":"summary_large_image","twitter_misc":{"Estimated reading time":"1 minute"},"schema":{"@context":"https:\/\/schema.org","@graph":[{"@type":"WebPage","@id":"https:\/\/crofish.hr\/recepti\/","url":"https:\/\/crofish.hr\/recepti\/","name":"Recepti - Crofish","isPartOf":{"@id":"https:\/\/crofish.hr\/#website"},"datePublished":"2020-07-09T13:07:22+00:00","dateModified":"2022-07-20T14:00:48+00:00","breadcrumb":{"@id":"https:\/\/crofish.hr\/recepti\/#breadcrumb"},"inLanguage":"en-GB","potentialAction":[{"@type":"ReadAction","target":["https:\/\/crofish.hr\/recepti\/"]}]},{"@type":"BreadcrumbList","@id":"https:\/\/crofish.hr\/recepti\/#breadcrumb","itemListElement":[{"@type":"ListItem","position":1,"name":"Home","item":"https:\/\/crofish.hr\/"},{"@type":"ListItem","position":2,"name":"Recepti"}]},{"@type":"WebSite","@id":"https:\/\/crofish.hr\/#website","url":"https:\/\/crofish.hr\/","name":"Crofish","description":"Najbolja riba","publisher":{"@id":"https:\/\/crofish.hr\/#organization"},"potentialAction":[{"@type":"SearchAction","target":{"@type":"EntryPoint","urlTemplate":"https:\/\/crofish.hr\/?s={search_term_string}"},"query-input":"required name=search_term_string"}],"inLanguage":"en-GB"},{"@type":"Organization","@id":"https:\/\/crofish.hr\/#organization","name":"Crofish","url":"https:\/\/crofish.hr\/","logo":{"@type":"ImageObject","inLanguage":"en-GB","@id":"https:\/\/crofish.hr\/#\/schema\/logo\/image\/","url":"https:\/\/crofish.hr\/wp-content\/uploads\/2021\/11\/cropped-LOGO-png1.png","contentUrl":"https:\/\/crofish.hr\/wp-content\/uploads\/2021\/11\/cropped-LOGO-png1.png","width":177,"height":47,"caption":"Crofish"},"image":{"@id":"https:\/\/crofish.hr\/#\/schema\/logo\/image\/"}}]}},"_links":{"self":[{"href":"https:\/\/crofish.hr\/en\/wp-json\/wp\/v2\/pages\/1245","targetHints":{"allow":["GET"]}}],"collection":[{"href":"https:\/\/crofish.hr\/en\/wp-json\/wp\/v2\/pages"}],"about":[{"href":"https:\/\/crofish.hr\/en\/wp-json\/wp\/v2\/types\/page"}],"author":[{"embeddable":true,"href":"https:\/\/crofish.hr\/en\/wp-json\/wp\/v2\/users\/1"}],"replies":[{"embeddable":true,"href":"https:\/\/crofish.hr\/en\/wp-json\/wp\/v2\/comments?post=1245"}],"version-history":[{"count":3,"href":"https:\/\/crofish.hr\/en\/wp-json\/wp\/v2\/pages\/1245\/revisions"}],"predecessor-version":[{"id":2224,"href":"https:\/\/crofish.hr\/en\/wp-json\/wp\/v2\/pages\/1245\/revisions\/2224"}],"wp:attachment":[{"href":"https:\/\/crofish.hr\/en\/wp-json\/wp\/v2\/media?parent=1245"}],"curies":[{"name":"wp","href":"https:\/\/api.w.org\/{rel}","templated":true}]}}